{"id":4032,"date":"2024-01-29T10:36:08","date_gmt":"2024-01-29T09:36:08","guid":{"rendered":"https:\/\/saduki.fr\/?page_id=4032"},"modified":"2024-02-13T12:27:27","modified_gmt":"2024-02-13T11:27:27","slug":"objets-personnalisables","status":"publish","type":"page","link":"https:\/\/saduki.fr\/index.php\/objets-personnalisables\/","title":{"rendered":"Objets personnalisables"},"content":{"rendered":"\n<p class=\"has-text-align-center\"> \u00ab\u00a0Les Packs 3d, c&rsquo;est une s\u00e9rie de produits pour faire plaisir ou se faire plaisir\u00a0\u00bb<\/p>\n\n\n\n<figure class=\"wp-block-image aligncenter size-full is-resized has-custom-border\"><img decoding=\"async\" width=\"1653\" height=\"147\" src=\"https:\/\/saduki.fr\/wp-content\/uploads\/2023\/11\/bandeau-atelier-3.png\" alt=\"\" class=\"wp-image-2933\" style=\"border-style:none;border-width:0px;width:1150px;height:auto\" srcset=\"https:\/\/saduki.fr\/wp-content\/uploads\/2023\/11\/bandeau-atelier-3.png 1653w, https:\/\/saduki.fr\/wp-content\/uploads\/2023\/11\/bandeau-atelier-3-150x13.png 150w, https:\/\/saduki.fr\/wp-content\/uploads\/2023\/11\/bandeau-atelier-3-1024x91.png 1024w, https:\/\/saduki.fr\/wp-content\/uploads\/2023\/11\/bandeau-atelier-3-768x68.png 768w, https:\/\/saduki.fr\/wp-content\/uploads\/2023\/11\/bandeau-atelier-3-1536x137.png 1536w, https:\/\/saduki.fr\/wp-content\/uploads\/2023\/11\/bandeau-atelier-3-800x71.png 800w\" sizes=\"(max-width: 1653px) 100vw, 1653px\" \/><\/figure>\n\n\n\n<div class=\"wp-block-buttons is-content-justification-center is-layout-flex wp-container-core-buttons-is-layout-a6d9f191 wp-block-buttons-is-layout-flex\" style=\"margin-top:var(--wp--preset--spacing--40);margin-bottom:var(--wp--preset--spacing--40)\">\n<div class=\"wp-block-button\"><a class=\"wp-block-button__link wp-element-button\" href=\"https:\/\/saduki.fr\/index.php\/contact\/\">Parlons ensemble de votre projet!<\/a><\/div>\n<\/div>\n\n\n\n<h2 class=\"wp-block-heading has-text-align-center has-ast-global-color-0-color has-text-color has-link-color has-medium-font-size wp-elements-99c306739994909be80f9beaaba847ce\"><strong>Objets personnalisables<\/strong><\/h2>\n\n\n\n<p class=\"has-text-align-center\">Light-box, Portes cl\u00e9s, boitiers, Minifigs, etc&#8230;<\/p>\n\n\n\n<p class=\"has-text-align-center\">Prix d\u00e9gressifs<\/p>\n\n\n\n<p class=\"has-text-align-center\">Impressions 3D en multi-couleurs<br><br><\/p>\n\n\n\n<div class=\"wp-block-columns is-layout-flex wp-container-core-columns-is-layout-7d874bf9 wp-block-columns-is-layout-flex\" style=\"margin-top:0;margin-bottom:0;padding-top:0;padding-bottom:0\">\n<div class=\"wp-block-column is-layout-flow wp-block-column-is-layout-flow\" style=\"flex-basis:50%\">\n<figure class=\"wp-block-image aligncenter size-full is-resized has-custom-border\"><img decoding=\"async\" width=\"809\" height=\"578\" src=\"https:\/\/saduki.fr\/wp-content\/uploads\/2024\/02\/pubdistricartes1-1.jpg\" alt=\"\" class=\"wp-image-4121\" style=\"border-style:none;border-width:0px;width:481px;height:auto\" srcset=\"https:\/\/saduki.fr\/wp-content\/uploads\/2024\/02\/pubdistricartes1-1.jpg 809w, https:\/\/saduki.fr\/wp-content\/uploads\/2024\/02\/pubdistricartes1-1-150x107.jpg 150w, https:\/\/saduki.fr\/wp-content\/uploads\/2024\/02\/pubdistricartes1-1-768x549.jpg 768w, https:\/\/saduki.fr\/wp-content\/uploads\/2024\/02\/pubdistricartes1-1-800x572.jpg 800w\" sizes=\"(max-width: 809px) 100vw, 809px\" \/><\/figure>\n<\/div>\n\n\n\n<div class=\"wp-block-column is-layout-flow wp-block-column-is-layout-flow\" style=\"flex-basis:50%\">\n<figure class=\"wp-block-image aligncenter size-full is-resized\"><img decoding=\"async\" width=\"295\" height=\"177\" src=\"https:\/\/saduki.fr\/wp-content\/uploads\/2024\/02\/tagled.jpg\" alt=\"\" class=\"wp-image-4130\" style=\"width:361px;height:auto\" srcset=\"https:\/\/saduki.fr\/wp-content\/uploads\/2024\/02\/tagled.jpg 295w, https:\/\/saduki.fr\/wp-content\/uploads\/2024\/02\/tagled-150x90.jpg 150w\" sizes=\"(max-width: 295px) 100vw, 295px\" \/><\/figure>\n\n\n\n<p class=\"has-text-align-center\">Name tag lumineux (led usb)<\/p>\n<\/div>\n<\/div>\n\n\n\n<div class=\"wp-block-columns is-layout-flex wp-container-core-columns-is-layout-28f84493 wp-block-columns-is-layout-flex\">\n<div class=\"wp-block-column is-vertically-aligned-center is-layout-flow wp-block-column-is-layout-flow\" style=\"flex-basis:20%\">\n<figure class=\"wp-block-image size-full\"><img decoding=\"async\" width=\"744\" height=\"330\" src=\"https:\/\/saduki.fr\/wp-content\/uploads\/2024\/01\/pca-1.jpg\" alt=\"\" class=\"wp-image-4045\" srcset=\"https:\/\/saduki.fr\/wp-content\/uploads\/2024\/01\/pca-1.jpg 744w, https:\/\/saduki.fr\/wp-content\/uploads\/2024\/01\/pca-1-150x67.jpg 150w\" sizes=\"(max-width: 744px) 100vw, 744px\" \/><\/figure>\n\n\n\n<p class=\"has-text-align-center\">Porte cl\u00e9 <\/p>\n<\/div>\n\n\n\n<div class=\"wp-block-column is-vertically-aligned-center is-layout-flow wp-block-column-is-layout-flow\" style=\"flex-basis:20%\">\n<figure class=\"wp-block-image size-full is-resized\"><img decoding=\"async\" width=\"822\" height=\"505\" src=\"https:\/\/saduki.fr\/wp-content\/uploads\/2024\/02\/red25mm.jpg\" alt=\"\" class=\"wp-image-4079\" style=\"width:319px;height:auto\" srcset=\"https:\/\/saduki.fr\/wp-content\/uploads\/2024\/02\/red25mm.jpg 822w, https:\/\/saduki.fr\/wp-content\/uploads\/2024\/02\/red25mm-150x92.jpg 150w, https:\/\/saduki.fr\/wp-content\/uploads\/2024\/02\/red25mm-768x472.jpg 768w, https:\/\/saduki.fr\/wp-content\/uploads\/2024\/02\/red25mm-800x491.jpg 800w\" sizes=\"(max-width: 822px) 100vw, 822px\" \/><\/figure>\n\n\n\n<p class=\"has-text-align-center\">Boite pour cartes de visite<\/p>\n<\/div>\n\n\n\n<div class=\"wp-block-column is-vertically-aligned-center is-layout-flow wp-block-column-is-layout-flow\" style=\"flex-basis:20%\">\n<figure class=\"wp-block-image size-full is-resized\"><img decoding=\"async\" width=\"507\" height=\"410\" src=\"https:\/\/saduki.fr\/wp-content\/uploads\/2024\/02\/tou1.jpg\" alt=\"\" class=\"wp-image-4081\" style=\"width:277px;height:auto\" srcset=\"https:\/\/saduki.fr\/wp-content\/uploads\/2024\/02\/tou1.jpg 507w, https:\/\/saduki.fr\/wp-content\/uploads\/2024\/02\/tou1-150x121.jpg 150w\" sizes=\"(max-width: 507px) 100vw, 507px\" \/><\/figure>\n\n\n\n<p class=\"has-text-align-center\">Porte cl\u00e9 logo<\/p>\n<\/div>\n\n\n\n<div class=\"wp-block-column is-vertically-aligned-center is-layout-flow wp-block-column-is-layout-flow\" style=\"flex-basis:20%\">\n<figure class=\"wp-block-image aligncenter size-full\"><img decoding=\"async\" width=\"960\" height=\"345\" src=\"https:\/\/saduki.fr\/wp-content\/uploads\/2024\/02\/424599848_122125169774142938_7358700868473223782_n.jpg\" alt=\"\" class=\"wp-image-4102\" srcset=\"https:\/\/saduki.fr\/wp-content\/uploads\/2024\/02\/424599848_122125169774142938_7358700868473223782_n.jpg 960w, https:\/\/saduki.fr\/wp-content\/uploads\/2024\/02\/424599848_122125169774142938_7358700868473223782_n-150x54.jpg 150w, https:\/\/saduki.fr\/wp-content\/uploads\/2024\/02\/424599848_122125169774142938_7358700868473223782_n-768x276.jpg 768w, https:\/\/saduki.fr\/wp-content\/uploads\/2024\/02\/424599848_122125169774142938_7358700868473223782_n-800x288.jpg 800w\" sizes=\"(max-width: 960px) 100vw, 960px\" \/><\/figure>\n\n\n\n<p class=\"has-text-align-center\">Porte cl\u00e9 support de t\u00e9l\u00e9phone<\/p>\n<\/div>\n\n\n\n<div class=\"wp-block-column is-vertically-aligned-center is-layout-flow wp-block-column-is-layout-flow\" style=\"flex-basis:20%\">\n<figure class=\"wp-block-image size-full\"><img decoding=\"async\" width=\"295\" height=\"177\" src=\"https:\/\/saduki.fr\/wp-content\/uploads\/2024\/02\/plabs.jpg\" alt=\"\" class=\"wp-image-4113\" srcset=\"https:\/\/saduki.fr\/wp-content\/uploads\/2024\/02\/plabs.jpg 295w, https:\/\/saduki.fr\/wp-content\/uploads\/2024\/02\/plabs-150x90.jpg 150w\" sizes=\"(max-width: 295px) 100vw, 295px\" \/><\/figure>\n\n\n\n<p class=\"has-text-align-center\">Plaquette de rue<\/p>\n<\/div>\n<\/div>\n\n\n\n<p class=\"has-text-align-center\"><a href=\"https:\/\/saduki.fr\/index.php\/babyface\/\"><strong>D\u00e9couvrez nos autres packs!<\/strong><br>\u00ab\u00a0BabyFace\u00a0\u00bb<\/a> Gardez pour toujours le souvenir du visage de votre b\u00e9b\u00e9 !<br><a href=\"https:\/\/saduki.fr\/index.php\/lithophanes\/\">\u00ab\u00a0Lithophane\u00a0\u00bb<\/a> Vos plus belles photos, en relief et lumineuses !<br><a href=\"https:\/\/saduki.fr\/index.php\/objets-personnalisables\/\">\u00ab\u00a0Objets personnalisables\u00a0\u00bb<\/a> Porte cl\u00e9s, lightbox, mini figs, etc&#8230;<\/p>\n","protected":false},"excerpt":{"rendered":"<p>\u00ab\u00a0Les Packs 3d, c&rsquo;est une s\u00e9rie de produits pour faire plaisir ou se faire plaisir\u00a0\u00bb Objets personnalisables Light-box, Portes cl\u00e9s, boitiers, Minifigs, etc&#8230; Prix d\u00e9gressifs Impressions 3D en multi-couleurs Name tag lumineux (led usb) Porte cl\u00e9 Boite pour cartes de visite Porte cl\u00e9 logo Porte cl\u00e9 support de t\u00e9l\u00e9phone Plaquette de rue D\u00e9couvrez nos autres [&hellip;]<\/p>\n","protected":false},"author":1,"featured_media":0,"parent":0,"menu_order":0,"comment_status":"closed","ping_status":"closed","template":"","meta":{"rop_custom_images_group":[],"rop_custom_messages_group":[],"rop_publish_now":"initial","rop_publish_now_accounts":{"facebook_10225876876252977_177035715498174":""},"rop_publish_now_history":[],"rop_publish_now_status":"pending","site-sidebar-layout":"default","site-content-layout":"","ast-site-content-layout":"default","site-content-style":"default","site-sidebar-style":"default","ast-global-header-display":"","ast-banner-title-visibility":"","ast-main-header-display":"","ast-hfb-above-header-display":"","ast-hfb-below-header-display":"","ast-hfb-mobile-header-display":"","site-post-title":"","ast-breadcrumbs-content":"","ast-featured-img":"","footer-sml-layout":"","ast-disable-related-posts":"","theme-transparent-header-meta":"","adv-header-id-meta":"","stick-header-meta":"","header-above-stick-meta":"","header-main-stick-meta":"","header-below-stick-meta":"","astra-migrate-meta-layouts":"default","ast-page-background-enabled":"default","ast-page-background-meta":{"desktop":{"background-color":"var(--ast-global-color-4)","background-image":"","background-repeat":"repeat","background-position":"center center","background-size":"auto","background-attachment":"scroll","background-type":"","background-media":"","overlay-type":"","overlay-color":"","overlay-opacity":"","overlay-gradient":""},"tablet":{"background-color":"","background-image":"","background-repeat":"repeat","background-position":"center center","background-size":"auto","background-attachment":"scroll","background-type":"","background-media":"","overlay-type":"","overlay-color":"","overlay-opacity":"","overlay-gradient":""},"mobile":{"background-color":"","background-image":"","background-repeat":"repeat","background-position":"center center","background-size":"auto","background-attachment":"scroll","background-type":"","background-media":"","overlay-type":"","overlay-color":"","overlay-opacity":"","overlay-gradient":""}},"ast-content-background-meta":{"desktop":{"background-color":"var(--ast-global-color-5)","background-image":"","background-repeat":"repeat","background-position":"center center","background-size":"auto","background-attachment":"scroll","background-type":"","background-media":"","overlay-type":"","overlay-color":"","overlay-opacity":"","overlay-gradient":""},"tablet":{"background-color":"var(--ast-global-color-5)","background-image":"","background-repeat":"repeat","background-position":"center center","background-size":"auto","background-attachment":"scroll","background-type":"","background-media":"","overlay-type":"","overlay-color":"","overlay-opacity":"","overlay-gradient":""},"mobile":{"background-color":"var(--ast-global-color-5)","background-image":"","background-repeat":"repeat","background-position":"center center","background-size":"auto","background-attachment":"scroll","background-type":"","background-media":"","overlay-type":"","overlay-color":"","overlay-opacity":"","overlay-gradient":""}},"footnotes":""},"class_list":["post-4032","page","type-page","status-publish","hentry"],"yoast_head":"<!-- This site is optimized with the Yoast SEO plugin v27.5 - https:\/\/yoast.com\/product\/yoast-seo-wordpress\/ -->\n<title>Objets personnalisables - Services 3D et Arts num\u00e9riques %<\/title>\n<meta name=\"description\" content=\"Je vous propose mes services de conception 3D incluant: Scan, mod\u00e9lisation et impression dans divers mat\u00e9riaux.Pour tous vos projets techniques, artistiques, de loisirs, objets personnalis\u00e9s...(prototypage, reproduction, r\u00e9paration, cr\u00e9ation,etc)Les possibilit\u00e9s sont infinies!Je propose \u00e9galement un service de graphisme et de g\u00e9n\u00e9ration IA.\" \/>\n<meta name=\"robots\" content=\"index, follow, max-snippet:-1, max-image-preview:large, max-video-preview:-1\" \/>\n<link rel=\"canonical\" href=\"https:\/\/saduki.fr\/index.php\/objets-personnalisables\/\" \/>\n<meta property=\"og:locale\" content=\"fr_FR\" \/>\n<meta property=\"og:type\" content=\"article\" \/>\n<meta property=\"og:title\" content=\"Objets personnalisables - Services 3D et Arts num\u00e9riques %\" \/>\n<meta property=\"og:description\" content=\"Je vous propose mes services de conception 3D incluant: Scan, mod\u00e9lisation et impression dans divers mat\u00e9riaux.Pour tous vos projets techniques, artistiques, de loisirs, objets personnalis\u00e9s...(prototypage, reproduction, r\u00e9paration, cr\u00e9ation,etc)Les possibilit\u00e9s sont infinies!Je propose \u00e9galement un service de graphisme et de g\u00e9n\u00e9ration IA.\" \/>\n<meta property=\"og:url\" content=\"https:\/\/saduki.fr\/index.php\/objets-personnalisables\/\" \/>\n<meta property=\"og:site_name\" content=\"Services 3D et Arts num\u00e9riques\" \/>\n<meta property=\"article:publisher\" content=\"https:\/\/www.facebook.com\/ateliersaduki\" \/>\n<meta property=\"article:modified_time\" content=\"2024-02-13T11:27:27+00:00\" \/>\n<meta property=\"og:image\" content=\"https:\/\/saduki.fr\/wp-content\/uploads\/2023\/11\/bandeau-atelier-3.png\" \/>\n<meta name=\"twitter:card\" content=\"summary_large_image\" \/>\n<meta name=\"twitter:label1\" content=\"Dur\u00e9e de lecture estim\u00e9e\" \/>\n\t<meta name=\"twitter:data1\" content=\"3 minutes\" \/>\n<script type=\"application\/ld+json\" class=\"yoast-schema-graph\">{\"@context\":\"https:\\\/\\\/schema.org\",\"@graph\":[{\"@type\":\"WebPage\",\"@id\":\"https:\\\/\\\/saduki.fr\\\/index.php\\\/objets-personnalisables\\\/\",\"url\":\"https:\\\/\\\/saduki.fr\\\/index.php\\\/objets-personnalisables\\\/\",\"name\":\"Objets personnalisables - Services 3D et Arts num\u00e9riques %\",\"isPartOf\":{\"@id\":\"https:\\\/\\\/saduki.fr\\\/#website\"},\"primaryImageOfPage\":{\"@id\":\"https:\\\/\\\/saduki.fr\\\/index.php\\\/objets-personnalisables\\\/#primaryimage\"},\"image\":{\"@id\":\"https:\\\/\\\/saduki.fr\\\/index.php\\\/objets-personnalisables\\\/#primaryimage\"},\"thumbnailUrl\":\"https:\\\/\\\/saduki.fr\\\/wp-content\\\/uploads\\\/2023\\\/11\\\/bandeau-atelier-3.png\",\"datePublished\":\"2024-01-29T09:36:08+00:00\",\"dateModified\":\"2024-02-13T11:27:27+00:00\",\"description\":\"Je vous propose mes services de conception 3D incluant: Scan, mod\u00e9lisation et impression dans divers mat\u00e9riaux.Pour tous vos projets techniques, artistiques, de loisirs, objets personnalis\u00e9s...(prototypage, reproduction, r\u00e9paration, cr\u00e9ation,etc)Les possibilit\u00e9s sont infinies!Je propose \u00e9galement un service de graphisme et de g\u00e9n\u00e9ration IA.\",\"breadcrumb\":{\"@id\":\"https:\\\/\\\/saduki.fr\\\/index.php\\\/objets-personnalisables\\\/#breadcrumb\"},\"inLanguage\":\"fr-FR\",\"potentialAction\":[{\"@type\":\"ReadAction\",\"target\":[\"https:\\\/\\\/saduki.fr\\\/index.php\\\/objets-personnalisables\\\/\"]}]},{\"@type\":\"ImageObject\",\"inLanguage\":\"fr-FR\",\"@id\":\"https:\\\/\\\/saduki.fr\\\/index.php\\\/objets-personnalisables\\\/#primaryimage\",\"url\":\"https:\\\/\\\/saduki.fr\\\/wp-content\\\/uploads\\\/2023\\\/11\\\/bandeau-atelier-3.png\",\"contentUrl\":\"https:\\\/\\\/saduki.fr\\\/wp-content\\\/uploads\\\/2023\\\/11\\\/bandeau-atelier-3.png\",\"width\":1653,\"height\":147},{\"@type\":\"BreadcrumbList\",\"@id\":\"https:\\\/\\\/saduki.fr\\\/index.php\\\/objets-personnalisables\\\/#breadcrumb\",\"itemListElement\":[{\"@type\":\"ListItem\",\"position\":1,\"name\":\"Accueil\",\"item\":\"https:\\\/\\\/saduki.fr\\\/\"},{\"@type\":\"ListItem\",\"position\":2,\"name\":\"Objets personnalisables\"}]},{\"@type\":\"WebSite\",\"@id\":\"https:\\\/\\\/saduki.fr\\\/#website\",\"url\":\"https:\\\/\\\/saduki.fr\\\/\",\"name\":\"Atelier Saduki\",\"description\":\"Services 3D, graphismes, g\u00e9n\u00e9ration IA, BD\",\"publisher\":{\"@id\":\"https:\\\/\\\/saduki.fr\\\/#organization\"},\"potentialAction\":[{\"@type\":\"SearchAction\",\"target\":{\"@type\":\"EntryPoint\",\"urlTemplate\":\"https:\\\/\\\/saduki.fr\\\/?s={search_term_string}\"},\"query-input\":{\"@type\":\"PropertyValueSpecification\",\"valueRequired\":true,\"valueName\":\"search_term_string\"}}],\"inLanguage\":\"fr-FR\"},{\"@type\":\"Organization\",\"@id\":\"https:\\\/\\\/saduki.fr\\\/#organization\",\"name\":\"Atelier Saduki\",\"url\":\"https:\\\/\\\/saduki.fr\\\/\",\"logo\":{\"@type\":\"ImageObject\",\"inLanguage\":\"fr-FR\",\"@id\":\"https:\\\/\\\/saduki.fr\\\/#\\\/schema\\\/logo\\\/image\\\/\",\"url\":\"https:\\\/\\\/saduki.fr\\\/wp-content\\\/uploads\\\/2023\\\/12\\\/bandeau-atelier.png\",\"contentUrl\":\"https:\\\/\\\/saduki.fr\\\/wp-content\\\/uploads\\\/2023\\\/12\\\/bandeau-atelier.png\",\"width\":1559,\"height\":230,\"caption\":\"Atelier Saduki\"},\"image\":{\"@id\":\"https:\\\/\\\/saduki.fr\\\/#\\\/schema\\\/logo\\\/image\\\/\"},\"sameAs\":[\"https:\\\/\\\/www.facebook.com\\\/ateliersaduki\"]}]}<\/script>\n<!-- \/ Yoast SEO plugin. -->","yoast_head_json":{"title":"Objets personnalisables - Services 3D et Arts num\u00e9riques %","description":"Je vous propose mes services de conception 3D incluant: Scan, mod\u00e9lisation et impression dans divers mat\u00e9riaux.Pour tous vos projets techniques, artistiques, de loisirs, objets personnalis\u00e9s...(prototypage, reproduction, r\u00e9paration, cr\u00e9ation,etc)Les possibilit\u00e9s sont infinies!Je propose \u00e9galement un service de graphisme et de g\u00e9n\u00e9ration IA.","robots":{"index":"index","follow":"follow","max-snippet":"max-snippet:-1","max-image-preview":"max-image-preview:large","max-video-preview":"max-video-preview:-1"},"canonical":"https:\/\/saduki.fr\/index.php\/objets-personnalisables\/","og_locale":"fr_FR","og_type":"article","og_title":"Objets personnalisables - Services 3D et Arts num\u00e9riques %","og_description":"Je vous propose mes services de conception 3D incluant: Scan, mod\u00e9lisation et impression dans divers mat\u00e9riaux.Pour tous vos projets techniques, artistiques, de loisirs, objets personnalis\u00e9s...(prototypage, reproduction, r\u00e9paration, cr\u00e9ation,etc)Les possibilit\u00e9s sont infinies!Je propose \u00e9galement un service de graphisme et de g\u00e9n\u00e9ration IA.","og_url":"https:\/\/saduki.fr\/index.php\/objets-personnalisables\/","og_site_name":"Services 3D et Arts num\u00e9riques","article_publisher":"https:\/\/www.facebook.com\/ateliersaduki","article_modified_time":"2024-02-13T11:27:27+00:00","og_image":[{"url":"https:\/\/saduki.fr\/wp-content\/uploads\/2023\/11\/bandeau-atelier-3.png","type":"","width":"","height":""}],"twitter_card":"summary_large_image","twitter_misc":{"Dur\u00e9e de lecture estim\u00e9e":"3 minutes"},"schema":{"@context":"https:\/\/schema.org","@graph":[{"@type":"WebPage","@id":"https:\/\/saduki.fr\/index.php\/objets-personnalisables\/","url":"https:\/\/saduki.fr\/index.php\/objets-personnalisables\/","name":"Objets personnalisables - Services 3D et Arts num\u00e9riques %","isPartOf":{"@id":"https:\/\/saduki.fr\/#website"},"primaryImageOfPage":{"@id":"https:\/\/saduki.fr\/index.php\/objets-personnalisables\/#primaryimage"},"image":{"@id":"https:\/\/saduki.fr\/index.php\/objets-personnalisables\/#primaryimage"},"thumbnailUrl":"https:\/\/saduki.fr\/wp-content\/uploads\/2023\/11\/bandeau-atelier-3.png","datePublished":"2024-01-29T09:36:08+00:00","dateModified":"2024-02-13T11:27:27+00:00","description":"Je vous propose mes services de conception 3D incluant: Scan, mod\u00e9lisation et impression dans divers mat\u00e9riaux.Pour tous vos projets techniques, artistiques, de loisirs, objets personnalis\u00e9s...(prototypage, reproduction, r\u00e9paration, cr\u00e9ation,etc)Les possibilit\u00e9s sont infinies!Je propose \u00e9galement un service de graphisme et de g\u00e9n\u00e9ration IA.","breadcrumb":{"@id":"https:\/\/saduki.fr\/index.php\/objets-personnalisables\/#breadcrumb"},"inLanguage":"fr-FR","potentialAction":[{"@type":"ReadAction","target":["https:\/\/saduki.fr\/index.php\/objets-personnalisables\/"]}]},{"@type":"ImageObject","inLanguage":"fr-FR","@id":"https:\/\/saduki.fr\/index.php\/objets-personnalisables\/#primaryimage","url":"https:\/\/saduki.fr\/wp-content\/uploads\/2023\/11\/bandeau-atelier-3.png","contentUrl":"https:\/\/saduki.fr\/wp-content\/uploads\/2023\/11\/bandeau-atelier-3.png","width":1653,"height":147},{"@type":"BreadcrumbList","@id":"https:\/\/saduki.fr\/index.php\/objets-personnalisables\/#breadcrumb","itemListElement":[{"@type":"ListItem","position":1,"name":"Accueil","item":"https:\/\/saduki.fr\/"},{"@type":"ListItem","position":2,"name":"Objets personnalisables"}]},{"@type":"WebSite","@id":"https:\/\/saduki.fr\/#website","url":"https:\/\/saduki.fr\/","name":"Atelier Saduki","description":"Services 3D, graphismes, g\u00e9n\u00e9ration IA, BD","publisher":{"@id":"https:\/\/saduki.fr\/#organization"},"potentialAction":[{"@type":"SearchAction","target":{"@type":"EntryPoint","urlTemplate":"https:\/\/saduki.fr\/?s={search_term_string}"},"query-input":{"@type":"PropertyValueSpecification","valueRequired":true,"valueName":"search_term_string"}}],"inLanguage":"fr-FR"},{"@type":"Organization","@id":"https:\/\/saduki.fr\/#organization","name":"Atelier Saduki","url":"https:\/\/saduki.fr\/","logo":{"@type":"ImageObject","inLanguage":"fr-FR","@id":"https:\/\/saduki.fr\/#\/schema\/logo\/image\/","url":"https:\/\/saduki.fr\/wp-content\/uploads\/2023\/12\/bandeau-atelier.png","contentUrl":"https:\/\/saduki.fr\/wp-content\/uploads\/2023\/12\/bandeau-atelier.png","width":1559,"height":230,"caption":"Atelier Saduki"},"image":{"@id":"https:\/\/saduki.fr\/#\/schema\/logo\/image\/"},"sameAs":["https:\/\/www.facebook.com\/ateliersaduki"]}]}},"_links":{"self":[{"href":"https:\/\/saduki.fr\/index.php\/wp-json\/wp\/v2\/pages\/4032","targetHints":{"allow":["GET"]}}],"collection":[{"href":"https:\/\/saduki.fr\/index.php\/wp-json\/wp\/v2\/pages"}],"about":[{"href":"https:\/\/saduki.fr\/index.php\/wp-json\/wp\/v2\/types\/page"}],"author":[{"embeddable":true,"href":"https:\/\/saduki.fr\/index.php\/wp-json\/wp\/v2\/users\/1"}],"replies":[{"embeddable":true,"href":"https:\/\/saduki.fr\/index.php\/wp-json\/wp\/v2\/comments?post=4032"}],"version-history":[{"count":11,"href":"https:\/\/saduki.fr\/index.php\/wp-json\/wp\/v2\/pages\/4032\/revisions"}],"predecessor-version":[{"id":4131,"href":"https:\/\/saduki.fr\/index.php\/wp-json\/wp\/v2\/pages\/4032\/revisions\/4131"}],"wp:attachment":[{"href":"https:\/\/saduki.fr\/index.php\/wp-json\/wp\/v2\/media?parent=4032"}],"curies":[{"name":"wp","href":"https:\/\/api.w.org\/{rel}","templated":true}]}}