{"id":364,"date":"2023-07-16T15:19:48","date_gmt":"2023-07-16T13:19:48","guid":{"rendered":"https:\/\/saduki.fr\/?page_id=364"},"modified":"2023-12-20T14:37:32","modified_gmt":"2023-12-20T13:37:32","slug":"felicya-saduki-tome-4-le-labyrinthe-de-keiji","status":"publish","type":"page","link":"https:\/\/saduki.fr\/index.php\/felicya-saduki-tome-4-le-labyrinthe-de-keiji\/","title":{"rendered":"Felicya Saduki tome 4 \u00ab\u00a0Le labyrinthe de Keiji\u00a0\u00bb"},"content":{"rendered":"\n<figure class=\"wp-block-image aligncenter size-large has-custom-border\"><a href=\"https:\/\/saduki.fr\/index.php\/presentation-bandes-dessinees-felicya-saduki\/\"><img decoding=\"async\" width=\"1024\" height=\"151\" src=\"https:\/\/saduki.fr\/wp-content\/uploads\/2023\/12\/bandeau9-1024x151.png\" alt=\"Felicya Saduki\" class=\"wp-image-3503\" style=\"border-style:none;border-width:0px\" title=\"Felicya Saduki\" srcset=\"https:\/\/saduki.fr\/wp-content\/uploads\/2023\/12\/bandeau9-1024x151.png 1024w, https:\/\/saduki.fr\/wp-content\/uploads\/2023\/12\/bandeau9-150x22.png 150w, https:\/\/saduki.fr\/wp-content\/uploads\/2023\/12\/bandeau9-768x113.png 768w, https:\/\/saduki.fr\/wp-content\/uploads\/2023\/12\/bandeau9-1536x227.png 1536w, https:\/\/saduki.fr\/wp-content\/uploads\/2023\/12\/bandeau9-800x118.png 800w, https:\/\/saduki.fr\/wp-content\/uploads\/2023\/12\/bandeau9.png 1559w\" sizes=\"(max-width: 1024px) 100vw, 1024px\" \/><\/a><\/figure>\n\n\n\n<figure class=\"wp-block-gallery has-nested-images columns-4 is-cropped wp-block-gallery-1 is-layout-flex wp-block-gallery-is-layout-flex\">\n<figure class=\"wp-block-image size-large\"><a href=\"https:\/\/saduki.fr\/wp-content\/uploads\/2023\/07\/page3-1.jpg\"><img decoding=\"async\" width=\"732\" height=\"1024\" data-id=\"365\" src=\"https:\/\/saduki.fr\/wp-content\/uploads\/2023\/07\/page3-1-732x1024.jpg\" alt=\"\" class=\"wp-image-365\" srcset=\"https:\/\/saduki.fr\/wp-content\/uploads\/2023\/07\/page3-1-732x1024.jpg 732w, https:\/\/saduki.fr\/wp-content\/uploads\/2023\/07\/page3-1-800x1120.jpg 800w, https:\/\/saduki.fr\/wp-content\/uploads\/2023\/07\/page3-1-107x150.jpg 107w, https:\/\/saduki.fr\/wp-content\/uploads\/2023\/07\/page3-1-768x1075.jpg 768w, https:\/\/saduki.fr\/wp-content\/uploads\/2023\/07\/page3-1-1098x1536.jpg 1098w, https:\/\/saduki.fr\/wp-content\/uploads\/2023\/07\/page3-1.jpg 1299w\" sizes=\"(max-width: 732px) 100vw, 732px\" \/><\/a><\/figure>\n\n\n\n<figure class=\"wp-block-image size-large\"><a href=\"https:\/\/saduki.fr\/wp-content\/uploads\/2023\/07\/page4-1.jpg\"><img decoding=\"async\" width=\"732\" height=\"1024\" data-id=\"366\" src=\"https:\/\/saduki.fr\/wp-content\/uploads\/2023\/07\/page4-1-732x1024.jpg\" alt=\"\" class=\"wp-image-366\" srcset=\"https:\/\/saduki.fr\/wp-content\/uploads\/2023\/07\/page4-1-732x1024.jpg 732w, https:\/\/saduki.fr\/wp-content\/uploads\/2023\/07\/page4-1-800x1120.jpg 800w, https:\/\/saduki.fr\/wp-content\/uploads\/2023\/07\/page4-1-107x150.jpg 107w, https:\/\/saduki.fr\/wp-content\/uploads\/2023\/07\/page4-1-768x1075.jpg 768w, https:\/\/saduki.fr\/wp-content\/uploads\/2023\/07\/page4-1-1098x1536.jpg 1098w, https:\/\/saduki.fr\/wp-content\/uploads\/2023\/07\/page4-1.jpg 1299w\" sizes=\"(max-width: 732px) 100vw, 732px\" \/><\/a><\/figure>\n\n\n\n<figure class=\"wp-block-image size-large\"><a href=\"https:\/\/saduki.fr\/wp-content\/uploads\/2023\/07\/page5-1.jpg\"><img decoding=\"async\" width=\"732\" height=\"1024\" data-id=\"367\" src=\"https:\/\/saduki.fr\/wp-content\/uploads\/2023\/07\/page5-1-732x1024.jpg\" alt=\"\" class=\"wp-image-367\" srcset=\"https:\/\/saduki.fr\/wp-content\/uploads\/2023\/07\/page5-1-732x1024.jpg 732w, https:\/\/saduki.fr\/wp-content\/uploads\/2023\/07\/page5-1-800x1120.jpg 800w, https:\/\/saduki.fr\/wp-content\/uploads\/2023\/07\/page5-1-107x150.jpg 107w, https:\/\/saduki.fr\/wp-content\/uploads\/2023\/07\/page5-1-768x1075.jpg 768w, https:\/\/saduki.fr\/wp-content\/uploads\/2023\/07\/page5-1-1098x1536.jpg 1098w, https:\/\/saduki.fr\/wp-content\/uploads\/2023\/07\/page5-1.jpg 1299w\" sizes=\"(max-width: 732px) 100vw, 732px\" \/><\/a><\/figure>\n\n\n\n<figure class=\"wp-block-image size-large\"><a href=\"https:\/\/saduki.fr\/wp-content\/uploads\/2023\/07\/page6-1.jpg\"><img decoding=\"async\" width=\"732\" height=\"1024\" data-id=\"368\" src=\"https:\/\/saduki.fr\/wp-content\/uploads\/2023\/07\/page6-1-732x1024.jpg\" alt=\"\" class=\"wp-image-368\" srcset=\"https:\/\/saduki.fr\/wp-content\/uploads\/2023\/07\/page6-1-732x1024.jpg 732w, https:\/\/saduki.fr\/wp-content\/uploads\/2023\/07\/page6-1-800x1120.jpg 800w, https:\/\/saduki.fr\/wp-content\/uploads\/2023\/07\/page6-1-107x150.jpg 107w, https:\/\/saduki.fr\/wp-content\/uploads\/2023\/07\/page6-1-768x1075.jpg 768w, https:\/\/saduki.fr\/wp-content\/uploads\/2023\/07\/page6-1-1098x1536.jpg 1098w, https:\/\/saduki.fr\/wp-content\/uploads\/2023\/07\/page6-1.jpg 1299w\" sizes=\"(max-width: 732px) 100vw, 732px\" \/><\/a><\/figure>\n<\/figure>\n\n\n\n<h1 class=\"wp-block-heading has-text-align-center has-medium-font-size\"><a href=\"https:\/\/saduki.fr\/index.php\/la-boutique-de-felicya\/\">Lire la suite<\/a><\/h1>\n\n\n\n<p class=\"has-text-align-center has-medium-font-size\"><strong><a href=\"https:\/\/saduki.fr\/index.php\/bandes-dessinees\/\">D\u00e9couvrir les autres tomes<\/a><\/strong><\/p>\n","protected":false},"excerpt":{"rendered":"<p>Lire la suite D\u00e9couvrir les autres tomes<\/p>\n","protected":false},"author":3,"featured_media":0,"parent":0,"menu_order":0,"comment_status":"closed","ping_status":"closed","template":"","meta":{"rop_custom_images_group":[],"rop_custom_messages_group":[],"rop_publish_now":"initial","rop_publish_now_accounts":{"facebook_10225876876252977_177035715498174":""},"rop_publish_now_history":[],"rop_publish_now_status":"pending","site-sidebar-layout":"default","site-content-layout":"","ast-site-content-layout":"default","site-content-style":"default","site-sidebar-style":"default","ast-global-header-display":"","ast-banner-title-visibility":"","ast-main-header-display":"","ast-hfb-above-header-display":"","ast-hfb-below-header-display":"","ast-hfb-mobile-header-display":"","site-post-title":"","ast-breadcrumbs-content":"","ast-featured-img":"","footer-sml-layout":"","ast-disable-related-posts":"","theme-transparent-header-meta":"","adv-header-id-meta":"","stick-header-meta":"","header-above-stick-meta":"","header-main-stick-meta":"","header-below-stick-meta":"","astra-migrate-meta-layouts":"default","ast-page-background-enabled":"default","ast-page-background-meta":{"desktop":{"background-color":"var(--ast-global-color-4)","background-image":"","background-repeat":"repeat","background-position":"center center","background-size":"auto","background-attachment":"scroll","background-type":"","background-media":"","overlay-type":"","overlay-color":"","overlay-opacity":"","overlay-gradient":""},"tablet":{"background-color":"","background-image":"","background-repeat":"repeat","background-position":"center center","background-size":"auto","background-attachment":"scroll","background-type":"","background-media":"","overlay-type":"","overlay-color":"","overlay-opacity":"","overlay-gradient":""},"mobile":{"background-color":"","background-image":"","background-repeat":"repeat","background-position":"center center","background-size":"auto","background-attachment":"scroll","background-type":"","background-media":"","overlay-type":"","overlay-color":"","overlay-opacity":"","overlay-gradient":""}},"ast-content-background-meta":{"desktop":{"background-color":"var(--ast-global-color-5)","background-image":"","background-repeat":"repeat","background-position":"center center","background-size":"auto","background-attachment":"scroll","background-type":"","background-media":"","overlay-type":"","overlay-color":"","overlay-opacity":"","overlay-gradient":""},"tablet":{"background-color":"var(--ast-global-color-5)","background-image":"","background-repeat":"repeat","background-position":"center center","background-size":"auto","background-attachment":"scroll","background-type":"","background-media":"","overlay-type":"","overlay-color":"","overlay-opacity":"","overlay-gradient":""},"mobile":{"background-color":"var(--ast-global-color-5)","background-image":"","background-repeat":"repeat","background-position":"center center","background-size":"auto","background-attachment":"scroll","background-type":"","background-media":"","overlay-type":"","overlay-color":"","overlay-opacity":"","overlay-gradient":""}},"footnotes":""},"class_list":["post-364","page","type-page","status-publish","hentry"],"yoast_head":"<!-- This site is optimized with the Yoast SEO plugin v27.4 - https:\/\/yoast.com\/product\/yoast-seo-wordpress\/ -->\n<title>Felicya Saduki tome 4 &quot;Le labyrinthe de Keiji&quot; - Services 3D et Arts num\u00e9riques %<\/title>\n<meta name=\"description\" content=\"Je vous propose mes services de conception 3D incluant: Scan, mod\u00e9lisation et impression dans divers mat\u00e9riaux.Pour tous vos projets techniques, artistiques, de loisirs, objets personnalis\u00e9s...(prototypage, reproduction, r\u00e9paration, cr\u00e9ation,etc)Les possibilit\u00e9s sont infinies!Je propose \u00e9galement un service de graphisme et de g\u00e9n\u00e9ration IA.\" \/>\n<meta name=\"robots\" content=\"index, follow, max-snippet:-1, max-image-preview:large, max-video-preview:-1\" \/>\n<link rel=\"canonical\" href=\"https:\/\/saduki.fr\/index.php\/felicya-saduki-tome-4-le-labyrinthe-de-keiji\/\" \/>\n<meta property=\"og:locale\" content=\"fr_FR\" \/>\n<meta property=\"og:type\" content=\"article\" \/>\n<meta property=\"og:title\" content=\"Felicya Saduki tome 4 &quot;Le labyrinthe de Keiji&quot; - Services 3D et Arts num\u00e9riques %\" \/>\n<meta property=\"og:description\" content=\"Je vous propose mes services de conception 3D incluant: Scan, mod\u00e9lisation et impression dans divers mat\u00e9riaux.Pour tous vos projets techniques, artistiques, de loisirs, objets personnalis\u00e9s...(prototypage, reproduction, r\u00e9paration, cr\u00e9ation,etc)Les possibilit\u00e9s sont infinies!Je propose \u00e9galement un service de graphisme et de g\u00e9n\u00e9ration IA.\" \/>\n<meta property=\"og:url\" content=\"https:\/\/saduki.fr\/index.php\/felicya-saduki-tome-4-le-labyrinthe-de-keiji\/\" \/>\n<meta property=\"og:site_name\" content=\"Services 3D et Arts num\u00e9riques\" \/>\n<meta property=\"article:publisher\" content=\"https:\/\/www.facebook.com\/ateliersaduki\" \/>\n<meta property=\"article:modified_time\" content=\"2023-12-20T13:37:32+00:00\" \/>\n<meta property=\"og:image\" content=\"https:\/\/saduki.fr\/wp-content\/uploads\/2023\/12\/bandeau9-1024x151.png\" \/>\n<meta name=\"twitter:card\" content=\"summary_large_image\" \/>\n<meta name=\"twitter:label1\" content=\"Dur\u00e9e de lecture estim\u00e9e\" \/>\n\t<meta name=\"twitter:data1\" content=\"2 minutes\" \/>\n<script type=\"application\/ld+json\" class=\"yoast-schema-graph\">{\"@context\":\"https:\\\/\\\/schema.org\",\"@graph\":[{\"@type\":\"WebPage\",\"@id\":\"https:\\\/\\\/saduki.fr\\\/index.php\\\/felicya-saduki-tome-4-le-labyrinthe-de-keiji\\\/\",\"url\":\"https:\\\/\\\/saduki.fr\\\/index.php\\\/felicya-saduki-tome-4-le-labyrinthe-de-keiji\\\/\",\"name\":\"Felicya Saduki tome 4 \\\"Le labyrinthe de Keiji\\\" - Services 3D et Arts num\u00e9riques %\",\"isPartOf\":{\"@id\":\"https:\\\/\\\/saduki.fr\\\/#website\"},\"primaryImageOfPage\":{\"@id\":\"https:\\\/\\\/saduki.fr\\\/index.php\\\/felicya-saduki-tome-4-le-labyrinthe-de-keiji\\\/#primaryimage\"},\"image\":{\"@id\":\"https:\\\/\\\/saduki.fr\\\/index.php\\\/felicya-saduki-tome-4-le-labyrinthe-de-keiji\\\/#primaryimage\"},\"thumbnailUrl\":\"https:\\\/\\\/saduki.fr\\\/wp-content\\\/uploads\\\/2023\\\/12\\\/bandeau9-1024x151.png\",\"datePublished\":\"2023-07-16T13:19:48+00:00\",\"dateModified\":\"2023-12-20T13:37:32+00:00\",\"description\":\"Je vous propose mes services de conception 3D incluant: Scan, mod\u00e9lisation et impression dans divers mat\u00e9riaux.Pour tous vos projets techniques, artistiques, de loisirs, objets personnalis\u00e9s...(prototypage, reproduction, r\u00e9paration, cr\u00e9ation,etc)Les possibilit\u00e9s sont infinies!Je propose \u00e9galement un service de graphisme et de g\u00e9n\u00e9ration IA.\",\"breadcrumb\":{\"@id\":\"https:\\\/\\\/saduki.fr\\\/index.php\\\/felicya-saduki-tome-4-le-labyrinthe-de-keiji\\\/#breadcrumb\"},\"inLanguage\":\"fr-FR\",\"potentialAction\":[{\"@type\":\"ReadAction\",\"target\":[\"https:\\\/\\\/saduki.fr\\\/index.php\\\/felicya-saduki-tome-4-le-labyrinthe-de-keiji\\\/\"]}]},{\"@type\":\"ImageObject\",\"inLanguage\":\"fr-FR\",\"@id\":\"https:\\\/\\\/saduki.fr\\\/index.php\\\/felicya-saduki-tome-4-le-labyrinthe-de-keiji\\\/#primaryimage\",\"url\":\"https:\\\/\\\/saduki.fr\\\/wp-content\\\/uploads\\\/2023\\\/12\\\/bandeau9.png\",\"contentUrl\":\"https:\\\/\\\/saduki.fr\\\/wp-content\\\/uploads\\\/2023\\\/12\\\/bandeau9.png\",\"width\":1559,\"height\":230},{\"@type\":\"BreadcrumbList\",\"@id\":\"https:\\\/\\\/saduki.fr\\\/index.php\\\/felicya-saduki-tome-4-le-labyrinthe-de-keiji\\\/#breadcrumb\",\"itemListElement\":[{\"@type\":\"ListItem\",\"position\":1,\"name\":\"Accueil\",\"item\":\"https:\\\/\\\/saduki.fr\\\/\"},{\"@type\":\"ListItem\",\"position\":2,\"name\":\"Felicya Saduki tome 4 \u00ab\u00a0Le labyrinthe de Keiji\u00a0\u00bb\"}]},{\"@type\":\"WebSite\",\"@id\":\"https:\\\/\\\/saduki.fr\\\/#website\",\"url\":\"https:\\\/\\\/saduki.fr\\\/\",\"name\":\"Atelier Saduki\",\"description\":\"Services 3D, graphismes, g\u00e9n\u00e9ration IA, BD\",\"publisher\":{\"@id\":\"https:\\\/\\\/saduki.fr\\\/#organization\"},\"potentialAction\":[{\"@type\":\"SearchAction\",\"target\":{\"@type\":\"EntryPoint\",\"urlTemplate\":\"https:\\\/\\\/saduki.fr\\\/?s={search_term_string}\"},\"query-input\":{\"@type\":\"PropertyValueSpecification\",\"valueRequired\":true,\"valueName\":\"search_term_string\"}}],\"inLanguage\":\"fr-FR\"},{\"@type\":\"Organization\",\"@id\":\"https:\\\/\\\/saduki.fr\\\/#organization\",\"name\":\"Atelier Saduki\",\"url\":\"https:\\\/\\\/saduki.fr\\\/\",\"logo\":{\"@type\":\"ImageObject\",\"inLanguage\":\"fr-FR\",\"@id\":\"https:\\\/\\\/saduki.fr\\\/#\\\/schema\\\/logo\\\/image\\\/\",\"url\":\"https:\\\/\\\/saduki.fr\\\/wp-content\\\/uploads\\\/2023\\\/12\\\/bandeau-atelier.png\",\"contentUrl\":\"https:\\\/\\\/saduki.fr\\\/wp-content\\\/uploads\\\/2023\\\/12\\\/bandeau-atelier.png\",\"width\":1559,\"height\":230,\"caption\":\"Atelier Saduki\"},\"image\":{\"@id\":\"https:\\\/\\\/saduki.fr\\\/#\\\/schema\\\/logo\\\/image\\\/\"},\"sameAs\":[\"https:\\\/\\\/www.facebook.com\\\/ateliersaduki\"]}]}<\/script>\n<!-- \/ Yoast SEO plugin. -->","yoast_head_json":{"title":"Felicya Saduki tome 4 \"Le labyrinthe de Keiji\" - Services 3D et Arts num\u00e9riques %","description":"Je vous propose mes services de conception 3D incluant: Scan, mod\u00e9lisation et impression dans divers mat\u00e9riaux.Pour tous vos projets techniques, artistiques, de loisirs, objets personnalis\u00e9s...(prototypage, reproduction, r\u00e9paration, cr\u00e9ation,etc)Les possibilit\u00e9s sont infinies!Je propose \u00e9galement un service de graphisme et de g\u00e9n\u00e9ration IA.","robots":{"index":"index","follow":"follow","max-snippet":"max-snippet:-1","max-image-preview":"max-image-preview:large","max-video-preview":"max-video-preview:-1"},"canonical":"https:\/\/saduki.fr\/index.php\/felicya-saduki-tome-4-le-labyrinthe-de-keiji\/","og_locale":"fr_FR","og_type":"article","og_title":"Felicya Saduki tome 4 \"Le labyrinthe de Keiji\" - Services 3D et Arts num\u00e9riques %","og_description":"Je vous propose mes services de conception 3D incluant: Scan, mod\u00e9lisation et impression dans divers mat\u00e9riaux.Pour tous vos projets techniques, artistiques, de loisirs, objets personnalis\u00e9s...(prototypage, reproduction, r\u00e9paration, cr\u00e9ation,etc)Les possibilit\u00e9s sont infinies!Je propose \u00e9galement un service de graphisme et de g\u00e9n\u00e9ration IA.","og_url":"https:\/\/saduki.fr\/index.php\/felicya-saduki-tome-4-le-labyrinthe-de-keiji\/","og_site_name":"Services 3D et Arts num\u00e9riques","article_publisher":"https:\/\/www.facebook.com\/ateliersaduki","article_modified_time":"2023-12-20T13:37:32+00:00","og_image":[{"url":"https:\/\/saduki.fr\/wp-content\/uploads\/2023\/12\/bandeau9-1024x151.png","type":"","width":"","height":""}],"twitter_card":"summary_large_image","twitter_misc":{"Dur\u00e9e de lecture estim\u00e9e":"2 minutes"},"schema":{"@context":"https:\/\/schema.org","@graph":[{"@type":"WebPage","@id":"https:\/\/saduki.fr\/index.php\/felicya-saduki-tome-4-le-labyrinthe-de-keiji\/","url":"https:\/\/saduki.fr\/index.php\/felicya-saduki-tome-4-le-labyrinthe-de-keiji\/","name":"Felicya Saduki tome 4 \"Le labyrinthe de Keiji\" - Services 3D et Arts num\u00e9riques %","isPartOf":{"@id":"https:\/\/saduki.fr\/#website"},"primaryImageOfPage":{"@id":"https:\/\/saduki.fr\/index.php\/felicya-saduki-tome-4-le-labyrinthe-de-keiji\/#primaryimage"},"image":{"@id":"https:\/\/saduki.fr\/index.php\/felicya-saduki-tome-4-le-labyrinthe-de-keiji\/#primaryimage"},"thumbnailUrl":"https:\/\/saduki.fr\/wp-content\/uploads\/2023\/12\/bandeau9-1024x151.png","datePublished":"2023-07-16T13:19:48+00:00","dateModified":"2023-12-20T13:37:32+00:00","description":"Je vous propose mes services de conception 3D incluant: Scan, mod\u00e9lisation et impression dans divers mat\u00e9riaux.Pour tous vos projets techniques, artistiques, de loisirs, objets personnalis\u00e9s...(prototypage, reproduction, r\u00e9paration, cr\u00e9ation,etc)Les possibilit\u00e9s sont infinies!Je propose \u00e9galement un service de graphisme et de g\u00e9n\u00e9ration IA.","breadcrumb":{"@id":"https:\/\/saduki.fr\/index.php\/felicya-saduki-tome-4-le-labyrinthe-de-keiji\/#breadcrumb"},"inLanguage":"fr-FR","potentialAction":[{"@type":"ReadAction","target":["https:\/\/saduki.fr\/index.php\/felicya-saduki-tome-4-le-labyrinthe-de-keiji\/"]}]},{"@type":"ImageObject","inLanguage":"fr-FR","@id":"https:\/\/saduki.fr\/index.php\/felicya-saduki-tome-4-le-labyrinthe-de-keiji\/#primaryimage","url":"https:\/\/saduki.fr\/wp-content\/uploads\/2023\/12\/bandeau9.png","contentUrl":"https:\/\/saduki.fr\/wp-content\/uploads\/2023\/12\/bandeau9.png","width":1559,"height":230},{"@type":"BreadcrumbList","@id":"https:\/\/saduki.fr\/index.php\/felicya-saduki-tome-4-le-labyrinthe-de-keiji\/#breadcrumb","itemListElement":[{"@type":"ListItem","position":1,"name":"Accueil","item":"https:\/\/saduki.fr\/"},{"@type":"ListItem","position":2,"name":"Felicya Saduki tome 4 \u00ab\u00a0Le labyrinthe de Keiji\u00a0\u00bb"}]},{"@type":"WebSite","@id":"https:\/\/saduki.fr\/#website","url":"https:\/\/saduki.fr\/","name":"Atelier Saduki","description":"Services 3D, graphismes, g\u00e9n\u00e9ration IA, BD","publisher":{"@id":"https:\/\/saduki.fr\/#organization"},"potentialAction":[{"@type":"SearchAction","target":{"@type":"EntryPoint","urlTemplate":"https:\/\/saduki.fr\/?s={search_term_string}"},"query-input":{"@type":"PropertyValueSpecification","valueRequired":true,"valueName":"search_term_string"}}],"inLanguage":"fr-FR"},{"@type":"Organization","@id":"https:\/\/saduki.fr\/#organization","name":"Atelier Saduki","url":"https:\/\/saduki.fr\/","logo":{"@type":"ImageObject","inLanguage":"fr-FR","@id":"https:\/\/saduki.fr\/#\/schema\/logo\/image\/","url":"https:\/\/saduki.fr\/wp-content\/uploads\/2023\/12\/bandeau-atelier.png","contentUrl":"https:\/\/saduki.fr\/wp-content\/uploads\/2023\/12\/bandeau-atelier.png","width":1559,"height":230,"caption":"Atelier Saduki"},"image":{"@id":"https:\/\/saduki.fr\/#\/schema\/logo\/image\/"},"sameAs":["https:\/\/www.facebook.com\/ateliersaduki"]}]}},"_links":{"self":[{"href":"https:\/\/saduki.fr\/index.php\/wp-json\/wp\/v2\/pages\/364","targetHints":{"allow":["GET"]}}],"collection":[{"href":"https:\/\/saduki.fr\/index.php\/wp-json\/wp\/v2\/pages"}],"about":[{"href":"https:\/\/saduki.fr\/index.php\/wp-json\/wp\/v2\/types\/page"}],"author":[{"embeddable":true,"href":"https:\/\/saduki.fr\/index.php\/wp-json\/wp\/v2\/users\/3"}],"replies":[{"embeddable":true,"href":"https:\/\/saduki.fr\/index.php\/wp-json\/wp\/v2\/comments?post=364"}],"version-history":[{"count":6,"href":"https:\/\/saduki.fr\/index.php\/wp-json\/wp\/v2\/pages\/364\/revisions"}],"predecessor-version":[{"id":3694,"href":"https:\/\/saduki.fr\/index.php\/wp-json\/wp\/v2\/pages\/364\/revisions\/3694"}],"wp:attachment":[{"href":"https:\/\/saduki.fr\/index.php\/wp-json\/wp\/v2\/media?parent=364"}],"curies":[{"name":"wp","href":"https:\/\/api.w.org\/{rel}","templated":true}]}}