{"id":3230,"date":"2023-11-24T13:46:57","date_gmt":"2023-11-24T12:46:57","guid":{"rendered":"https:\/\/saduki.fr\/?page_id=3230"},"modified":"2025-02-09T13:41:45","modified_gmt":"2025-02-09T12:41:45","slug":"graphisme","status":"publish","type":"page","link":"https:\/\/saduki.fr\/index.php\/graphisme\/","title":{"rendered":"Graphisme"},"content":{"rendered":"\n<p class=\"has-text-align-center has-ast-global-color-0-color has-text-color\" style=\"font-size:15px\">\u00ab\u00a0Un visuel percutant, un produit bien identifi\u00e9, une touche de magie en plus.\u00a0\u00bb<\/p>\n\n\n\n<div class=\"wp-block-buttons is-content-justification-center is-layout-flex wp-container-core-buttons-is-layout-e511ce0b wp-block-buttons-is-layout-flex\" style=\"margin-top:var(--wp--preset--spacing--30);margin-bottom:var(--wp--preset--spacing--30)\">\n<div class=\"wp-block-button is-style-fill\"><a class=\"wp-block-button__link wp-element-button\" href=\"https:\/\/saduki.fr\/index.php\/contact\/\">Parlons ensemble de votre projet!<\/a><\/div>\n<\/div>\n\n\n\n<h2 class=\"wp-block-heading alignwide has-text-align-center has-black-color has-text-color has-medium-font-size\" style=\"font-style:normal;font-weight:600;text-transform:none\">Graphismes<\/h2>\n\n\n\n<p class=\"has-text-align-center\" style=\"padding-top:var(--wp--preset--spacing--30);padding-bottom:var(--wp--preset--spacing--30)\">Que ce soit pour vos affiches, menus, flyers, cartes de visite ou tout autre projet,<br> je serai \u00e0<strong> l&rsquo;\u00e9coute de vos besoins<\/strong>.<br>Grace \u00e0 la g\u00e9n\u00e9ration par IA, je peux apporter \u00e0 vos visuels <strong>le petit plus qui fera toute la diff\u00e9rence!<\/strong><br><\/p>\n\n\n\n<figure class=\"wp-block-image aligncenter size-full\"><img decoding=\"async\" width=\"600\" height=\"848\" src=\"https:\/\/saduki.fr\/wp-content\/uploads\/2023\/11\/citro1.jpg\" alt=\"\" class=\"wp-image-3275\" srcset=\"https:\/\/saduki.fr\/wp-content\/uploads\/2023\/11\/citro1.jpg 600w, https:\/\/saduki.fr\/wp-content\/uploads\/2023\/11\/citro1-106x150.jpg 106w\" sizes=\"(max-width: 600px) 100vw, 600px\" \/><\/figure>\n\n\n\n<div class=\"wp-block-boldblocks-icon-separator\" style=\"--bb--margin-top--sm:var(--bb--margin-top--lg);--bb--margin-bottom--sm:var(--bb--margin-bottom--lg);--bb--margin-top--md:var(--bb--margin-top--lg);--bb--margin-bottom--md:var(--bb--margin-bottom--lg);--bb--margin-top--lg:var(--wp--preset--spacing--40);--bb--margin-bottom--lg:var(--wp--preset--spacing--40)\" role=\"separator\"><div class=\"wp-block-boldblocks-icon-separator__inner icon-center is-align-center\" style=\"--bb--width--sm:var(--bb--width--lg);--bb--width--md:var(--bb--width--lg);--bb--width--lg:50%;--bb-border:1px solid;--bb--icon-width:1em;--bb--icon-spacing:.5em;--bb--icon-fill-color:var(--wp--preset--color--vivid-red, #cf2e2e)\"><svg xmlns=\"http:\/\/www.w3.org\/2000\/svg\" xml:space=\"preserve\" viewBox=\"0 0 20 20\" class=\"bb-icon bb-icon--printer\">\n  <path d=\"M12 11H7v1h5v-1zm1 4H7v1h6v-1zm-3-2H7v1h3v-1zm7-7h-2V2H5v4H3c-.6 0-1 .4-1 1v5c0 .6.4 1 1 1h2v5h10v-5h2c.6 0 1-.4 1-1V7c0-.6-.4-1-1-1zm-3 11H6v-7h8v7zm0-11H6V3h8v3zm2 3h-1V8h1v1z\"><\/path>\n<\/svg><\/div><\/div>\n","protected":false},"excerpt":{"rendered":"<p>\u00ab\u00a0Un visuel percutant, un produit bien identifi\u00e9, une touche de magie en plus.\u00a0\u00bb Graphismes Que ce soit pour vos affiches, menus, flyers, cartes de visite ou tout autre projet, je serai \u00e0 l&rsquo;\u00e9coute de vos besoins.Grace \u00e0 la g\u00e9n\u00e9ration par IA, je peux apporter \u00e0 vos visuels le petit plus qui fera toute la diff\u00e9rence!<\/p>\n","protected":false},"author":1,"featured_media":0,"parent":0,"menu_order":0,"comment_status":"closed","ping_status":"closed","template":"","meta":{"rop_custom_images_group":[],"rop_custom_messages_group":[],"rop_publish_now":"initial","rop_publish_now_accounts":{"facebook_10225876876252977_177035715498174":""},"rop_publish_now_history":[],"rop_publish_now_status":"pending","site-sidebar-layout":"default","site-content-layout":"","ast-site-content-layout":"default","site-content-style":"default","site-sidebar-style":"default","ast-global-header-display":"","ast-banner-title-visibility":"","ast-main-header-display":"","ast-hfb-above-header-display":"","ast-hfb-below-header-display":"","ast-hfb-mobile-header-display":"","site-post-title":"","ast-breadcrumbs-content":"","ast-featured-img":"","footer-sml-layout":"","ast-disable-related-posts":"","theme-transparent-header-meta":"","adv-header-id-meta":"","stick-header-meta":"","header-above-stick-meta":"","header-main-stick-meta":"","header-below-stick-meta":"","astra-migrate-meta-layouts":"default","ast-page-background-enabled":"default","ast-page-background-meta":{"desktop":{"background-color":"var(--ast-global-color-4)","background-image":"","background-repeat":"repeat","background-position":"center center","background-size":"auto","background-attachment":"scroll","background-type":"","background-media":"","overlay-type":"","overlay-color":"","overlay-opacity":"","overlay-gradient":""},"tablet":{"background-color":"","background-image":"","background-repeat":"repeat","background-position":"center center","background-size":"auto","background-attachment":"scroll","background-type":"","background-media":"","overlay-type":"","overlay-color":"","overlay-opacity":"","overlay-gradient":""},"mobile":{"background-color":"","background-image":"","background-repeat":"repeat","background-position":"center center","background-size":"auto","background-attachment":"scroll","background-type":"","background-media":"","overlay-type":"","overlay-color":"","overlay-opacity":"","overlay-gradient":""}},"ast-content-background-meta":{"desktop":{"background-color":"var(--ast-global-color-5)","background-image":"","background-repeat":"repeat","background-position":"center center","background-size":"auto","background-attachment":"scroll","background-type":"","background-media":"","overlay-type":"","overlay-color":"","overlay-opacity":"","overlay-gradient":""},"tablet":{"background-color":"var(--ast-global-color-5)","background-image":"","background-repeat":"repeat","background-position":"center center","background-size":"auto","background-attachment":"scroll","background-type":"","background-media":"","overlay-type":"","overlay-color":"","overlay-opacity":"","overlay-gradient":""},"mobile":{"background-color":"var(--ast-global-color-5)","background-image":"","background-repeat":"repeat","background-position":"center center","background-size":"auto","background-attachment":"scroll","background-type":"","background-media":"","overlay-type":"","overlay-color":"","overlay-opacity":"","overlay-gradient":""}},"footnotes":""},"class_list":["post-3230","page","type-page","status-publish","hentry"],"yoast_head":"<!-- This site is optimized with the Yoast SEO plugin v27.3 - https:\/\/yoast.com\/product\/yoast-seo-wordpress\/ -->\n<title>Graphisme - Services 3D et Arts num\u00e9riques %<\/title>\n<meta name=\"description\" content=\"Je vous propose mes services de conception 3D incluant: Scan, mod\u00e9lisation et impression dans divers mat\u00e9riaux.Pour tous vos projets techniques, artistiques, de loisirs, objets personnalis\u00e9s...(prototypage, reproduction, r\u00e9paration, cr\u00e9ation,etc)Les possibilit\u00e9s sont infinies!Je propose \u00e9galement un service de graphisme et de g\u00e9n\u00e9ration IA.\" \/>\n<meta name=\"robots\" content=\"index, follow, max-snippet:-1, max-image-preview:large, max-video-preview:-1\" \/>\n<link rel=\"canonical\" href=\"https:\/\/saduki.fr\/index.php\/graphisme\/\" \/>\n<meta property=\"og:locale\" content=\"fr_FR\" \/>\n<meta property=\"og:type\" content=\"article\" \/>\n<meta property=\"og:title\" content=\"Graphisme - Services 3D et Arts num\u00e9riques %\" \/>\n<meta property=\"og:description\" content=\"Je vous propose mes services de conception 3D incluant: Scan, mod\u00e9lisation et impression dans divers mat\u00e9riaux.Pour tous vos projets techniques, artistiques, de loisirs, objets personnalis\u00e9s...(prototypage, reproduction, r\u00e9paration, cr\u00e9ation,etc)Les possibilit\u00e9s sont infinies!Je propose \u00e9galement un service de graphisme et de g\u00e9n\u00e9ration IA.\" \/>\n<meta property=\"og:url\" content=\"https:\/\/saduki.fr\/index.php\/graphisme\/\" \/>\n<meta property=\"og:site_name\" content=\"Services 3D et Arts num\u00e9riques\" \/>\n<meta property=\"article:publisher\" content=\"https:\/\/www.facebook.com\/ateliersaduki\" \/>\n<meta property=\"article:modified_time\" content=\"2025-02-09T12:41:45+00:00\" \/>\n<meta property=\"og:image\" content=\"https:\/\/saduki.fr\/wp-content\/uploads\/2023\/11\/citro1.jpg\" \/>\n\t<meta property=\"og:image:width\" content=\"600\" \/>\n\t<meta property=\"og:image:height\" content=\"848\" \/>\n\t<meta property=\"og:image:type\" content=\"image\/jpeg\" \/>\n<meta name=\"twitter:card\" content=\"summary_large_image\" \/>\n<meta name=\"twitter:label1\" content=\"Dur\u00e9e de lecture estim\u00e9e\" \/>\n\t<meta name=\"twitter:data1\" content=\"1 minute\" \/>\n<script type=\"application\/ld+json\" class=\"yoast-schema-graph\">{\"@context\":\"https:\\\/\\\/schema.org\",\"@graph\":[{\"@type\":\"WebPage\",\"@id\":\"https:\\\/\\\/saduki.fr\\\/index.php\\\/graphisme\\\/\",\"url\":\"https:\\\/\\\/saduki.fr\\\/index.php\\\/graphisme\\\/\",\"name\":\"Graphisme - Services 3D et Arts num\u00e9riques %\",\"isPartOf\":{\"@id\":\"https:\\\/\\\/saduki.fr\\\/#website\"},\"primaryImageOfPage\":{\"@id\":\"https:\\\/\\\/saduki.fr\\\/index.php\\\/graphisme\\\/#primaryimage\"},\"image\":{\"@id\":\"https:\\\/\\\/saduki.fr\\\/index.php\\\/graphisme\\\/#primaryimage\"},\"thumbnailUrl\":\"https:\\\/\\\/saduki.fr\\\/wp-content\\\/uploads\\\/2023\\\/11\\\/citro1.jpg\",\"datePublished\":\"2023-11-24T12:46:57+00:00\",\"dateModified\":\"2025-02-09T12:41:45+00:00\",\"description\":\"Je vous propose mes services de conception 3D incluant: Scan, mod\u00e9lisation et impression dans divers mat\u00e9riaux.Pour tous vos projets techniques, artistiques, de loisirs, objets personnalis\u00e9s...(prototypage, reproduction, r\u00e9paration, cr\u00e9ation,etc)Les possibilit\u00e9s sont infinies!Je propose \u00e9galement un service de graphisme et de g\u00e9n\u00e9ration IA.\",\"breadcrumb\":{\"@id\":\"https:\\\/\\\/saduki.fr\\\/index.php\\\/graphisme\\\/#breadcrumb\"},\"inLanguage\":\"fr-FR\",\"potentialAction\":[{\"@type\":\"ReadAction\",\"target\":[\"https:\\\/\\\/saduki.fr\\\/index.php\\\/graphisme\\\/\"]}]},{\"@type\":\"ImageObject\",\"inLanguage\":\"fr-FR\",\"@id\":\"https:\\\/\\\/saduki.fr\\\/index.php\\\/graphisme\\\/#primaryimage\",\"url\":\"https:\\\/\\\/saduki.fr\\\/wp-content\\\/uploads\\\/2023\\\/11\\\/citro1.jpg\",\"contentUrl\":\"https:\\\/\\\/saduki.fr\\\/wp-content\\\/uploads\\\/2023\\\/11\\\/citro1.jpg\",\"width\":600,\"height\":848},{\"@type\":\"BreadcrumbList\",\"@id\":\"https:\\\/\\\/saduki.fr\\\/index.php\\\/graphisme\\\/#breadcrumb\",\"itemListElement\":[{\"@type\":\"ListItem\",\"position\":1,\"name\":\"Accueil\",\"item\":\"https:\\\/\\\/saduki.fr\\\/\"},{\"@type\":\"ListItem\",\"position\":2,\"name\":\"Graphisme\"}]},{\"@type\":\"WebSite\",\"@id\":\"https:\\\/\\\/saduki.fr\\\/#website\",\"url\":\"https:\\\/\\\/saduki.fr\\\/\",\"name\":\"Atelier Saduki\",\"description\":\"Services 3D, graphismes, g\u00e9n\u00e9ration IA, BD\",\"publisher\":{\"@id\":\"https:\\\/\\\/saduki.fr\\\/#organization\"},\"potentialAction\":[{\"@type\":\"SearchAction\",\"target\":{\"@type\":\"EntryPoint\",\"urlTemplate\":\"https:\\\/\\\/saduki.fr\\\/?s={search_term_string}\"},\"query-input\":{\"@type\":\"PropertyValueSpecification\",\"valueRequired\":true,\"valueName\":\"search_term_string\"}}],\"inLanguage\":\"fr-FR\"},{\"@type\":\"Organization\",\"@id\":\"https:\\\/\\\/saduki.fr\\\/#organization\",\"name\":\"Atelier Saduki\",\"url\":\"https:\\\/\\\/saduki.fr\\\/\",\"logo\":{\"@type\":\"ImageObject\",\"inLanguage\":\"fr-FR\",\"@id\":\"https:\\\/\\\/saduki.fr\\\/#\\\/schema\\\/logo\\\/image\\\/\",\"url\":\"https:\\\/\\\/saduki.fr\\\/wp-content\\\/uploads\\\/2023\\\/12\\\/bandeau-atelier.png\",\"contentUrl\":\"https:\\\/\\\/saduki.fr\\\/wp-content\\\/uploads\\\/2023\\\/12\\\/bandeau-atelier.png\",\"width\":1559,\"height\":230,\"caption\":\"Atelier Saduki\"},\"image\":{\"@id\":\"https:\\\/\\\/saduki.fr\\\/#\\\/schema\\\/logo\\\/image\\\/\"},\"sameAs\":[\"https:\\\/\\\/www.facebook.com\\\/ateliersaduki\"]}]}<\/script>\n<!-- \/ Yoast SEO plugin. -->","yoast_head_json":{"title":"Graphisme - Services 3D et Arts num\u00e9riques %","description":"Je vous propose mes services de conception 3D incluant: Scan, mod\u00e9lisation et impression dans divers mat\u00e9riaux.Pour tous vos projets techniques, artistiques, de loisirs, objets personnalis\u00e9s...(prototypage, reproduction, r\u00e9paration, cr\u00e9ation,etc)Les possibilit\u00e9s sont infinies!Je propose \u00e9galement un service de graphisme et de g\u00e9n\u00e9ration IA.","robots":{"index":"index","follow":"follow","max-snippet":"max-snippet:-1","max-image-preview":"max-image-preview:large","max-video-preview":"max-video-preview:-1"},"canonical":"https:\/\/saduki.fr\/index.php\/graphisme\/","og_locale":"fr_FR","og_type":"article","og_title":"Graphisme - Services 3D et Arts num\u00e9riques %","og_description":"Je vous propose mes services de conception 3D incluant: Scan, mod\u00e9lisation et impression dans divers mat\u00e9riaux.Pour tous vos projets techniques, artistiques, de loisirs, objets personnalis\u00e9s...(prototypage, reproduction, r\u00e9paration, cr\u00e9ation,etc)Les possibilit\u00e9s sont infinies!Je propose \u00e9galement un service de graphisme et de g\u00e9n\u00e9ration IA.","og_url":"https:\/\/saduki.fr\/index.php\/graphisme\/","og_site_name":"Services 3D et Arts num\u00e9riques","article_publisher":"https:\/\/www.facebook.com\/ateliersaduki","article_modified_time":"2025-02-09T12:41:45+00:00","og_image":[{"width":600,"height":848,"url":"https:\/\/saduki.fr\/wp-content\/uploads\/2023\/11\/citro1.jpg","type":"image\/jpeg"}],"twitter_card":"summary_large_image","twitter_misc":{"Dur\u00e9e de lecture estim\u00e9e":"1 minute"},"schema":{"@context":"https:\/\/schema.org","@graph":[{"@type":"WebPage","@id":"https:\/\/saduki.fr\/index.php\/graphisme\/","url":"https:\/\/saduki.fr\/index.php\/graphisme\/","name":"Graphisme - Services 3D et Arts num\u00e9riques %","isPartOf":{"@id":"https:\/\/saduki.fr\/#website"},"primaryImageOfPage":{"@id":"https:\/\/saduki.fr\/index.php\/graphisme\/#primaryimage"},"image":{"@id":"https:\/\/saduki.fr\/index.php\/graphisme\/#primaryimage"},"thumbnailUrl":"https:\/\/saduki.fr\/wp-content\/uploads\/2023\/11\/citro1.jpg","datePublished":"2023-11-24T12:46:57+00:00","dateModified":"2025-02-09T12:41:45+00:00","description":"Je vous propose mes services de conception 3D incluant: Scan, mod\u00e9lisation et impression dans divers mat\u00e9riaux.Pour tous vos projets techniques, artistiques, de loisirs, objets personnalis\u00e9s...(prototypage, reproduction, r\u00e9paration, cr\u00e9ation,etc)Les possibilit\u00e9s sont infinies!Je propose \u00e9galement un service de graphisme et de g\u00e9n\u00e9ration IA.","breadcrumb":{"@id":"https:\/\/saduki.fr\/index.php\/graphisme\/#breadcrumb"},"inLanguage":"fr-FR","potentialAction":[{"@type":"ReadAction","target":["https:\/\/saduki.fr\/index.php\/graphisme\/"]}]},{"@type":"ImageObject","inLanguage":"fr-FR","@id":"https:\/\/saduki.fr\/index.php\/graphisme\/#primaryimage","url":"https:\/\/saduki.fr\/wp-content\/uploads\/2023\/11\/citro1.jpg","contentUrl":"https:\/\/saduki.fr\/wp-content\/uploads\/2023\/11\/citro1.jpg","width":600,"height":848},{"@type":"BreadcrumbList","@id":"https:\/\/saduki.fr\/index.php\/graphisme\/#breadcrumb","itemListElement":[{"@type":"ListItem","position":1,"name":"Accueil","item":"https:\/\/saduki.fr\/"},{"@type":"ListItem","position":2,"name":"Graphisme"}]},{"@type":"WebSite","@id":"https:\/\/saduki.fr\/#website","url":"https:\/\/saduki.fr\/","name":"Atelier Saduki","description":"Services 3D, graphismes, g\u00e9n\u00e9ration IA, BD","publisher":{"@id":"https:\/\/saduki.fr\/#organization"},"potentialAction":[{"@type":"SearchAction","target":{"@type":"EntryPoint","urlTemplate":"https:\/\/saduki.fr\/?s={search_term_string}"},"query-input":{"@type":"PropertyValueSpecification","valueRequired":true,"valueName":"search_term_string"}}],"inLanguage":"fr-FR"},{"@type":"Organization","@id":"https:\/\/saduki.fr\/#organization","name":"Atelier Saduki","url":"https:\/\/saduki.fr\/","logo":{"@type":"ImageObject","inLanguage":"fr-FR","@id":"https:\/\/saduki.fr\/#\/schema\/logo\/image\/","url":"https:\/\/saduki.fr\/wp-content\/uploads\/2023\/12\/bandeau-atelier.png","contentUrl":"https:\/\/saduki.fr\/wp-content\/uploads\/2023\/12\/bandeau-atelier.png","width":1559,"height":230,"caption":"Atelier Saduki"},"image":{"@id":"https:\/\/saduki.fr\/#\/schema\/logo\/image\/"},"sameAs":["https:\/\/www.facebook.com\/ateliersaduki"]}]}},"_links":{"self":[{"href":"https:\/\/saduki.fr\/index.php\/wp-json\/wp\/v2\/pages\/3230","targetHints":{"allow":["GET"]}}],"collection":[{"href":"https:\/\/saduki.fr\/index.php\/wp-json\/wp\/v2\/pages"}],"about":[{"href":"https:\/\/saduki.fr\/index.php\/wp-json\/wp\/v2\/types\/page"}],"author":[{"embeddable":true,"href":"https:\/\/saduki.fr\/index.php\/wp-json\/wp\/v2\/users\/1"}],"replies":[{"embeddable":true,"href":"https:\/\/saduki.fr\/index.php\/wp-json\/wp\/v2\/comments?post=3230"}],"version-history":[{"count":8,"href":"https:\/\/saduki.fr\/index.php\/wp-json\/wp\/v2\/pages\/3230\/revisions"}],"predecessor-version":[{"id":4746,"href":"https:\/\/saduki.fr\/index.php\/wp-json\/wp\/v2\/pages\/3230\/revisions\/4746"}],"wp:attachment":[{"href":"https:\/\/saduki.fr\/index.php\/wp-json\/wp\/v2\/media?parent=3230"}],"curies":[{"name":"wp","href":"https:\/\/api.w.org\/{rel}","templated":true}]}}