{"id":2064,"date":"2023-09-09T14:32:16","date_gmt":"2023-09-09T12:32:16","guid":{"rendered":"https:\/\/saduki.fr\/?page_id=2064"},"modified":"2023-12-20T14:38:23","modified_gmt":"2023-12-20T13:38:23","slug":"jeu-feli-fuda","status":"publish","type":"page","link":"https:\/\/saduki.fr\/index.php\/jeu-feli-fuda\/","title":{"rendered":"Jeu Feli-Fuda"},"content":{"rendered":"\n<p class=\"has-text-align-center\" style=\"font-size:15px\">Le saviez-vous? L&rsquo;hanafuda est un jeu de cartes traditionnel japonais qui se joue avec un jeu de 48 cartes r\u00e9parties en 12 s\u00e9ries de 4 cartes chacune<\/p>\n\n\n\n<figure class=\"wp-block-image aligncenter size-large has-custom-border\"><a href=\"https:\/\/saduki.fr\/index.php\/presentation-bandes-dessinees-felicya-saduki\/\"><img decoding=\"async\" width=\"1024\" height=\"151\" src=\"https:\/\/saduki.fr\/wp-content\/uploads\/2023\/12\/bandeau9-1024x151.png\" alt=\"Felicya Saduki\" class=\"wp-image-3503\" style=\"border-style:none;border-width:0px\" title=\"Felicya Saduki\" srcset=\"https:\/\/saduki.fr\/wp-content\/uploads\/2023\/12\/bandeau9-1024x151.png 1024w, https:\/\/saduki.fr\/wp-content\/uploads\/2023\/12\/bandeau9-150x22.png 150w, https:\/\/saduki.fr\/wp-content\/uploads\/2023\/12\/bandeau9-768x113.png 768w, https:\/\/saduki.fr\/wp-content\/uploads\/2023\/12\/bandeau9-1536x227.png 1536w, https:\/\/saduki.fr\/wp-content\/uploads\/2023\/12\/bandeau9-800x118.png 800w, https:\/\/saduki.fr\/wp-content\/uploads\/2023\/12\/bandeau9.png 1559w\" sizes=\"(max-width: 1024px) 100vw, 1024px\" \/><\/a><\/figure>\n\n\n\n<div class=\"wp-block-columns alignwide is-layout-flex wp-container-core-columns-is-layout-28f84493 wp-block-columns-is-layout-flex\">\n<div class=\"wp-block-column is-layout-flow wp-block-column-is-layout-flow\" style=\"flex-basis:100%\">\n<h2 class=\"wp-block-heading has-text-align-center has-medium-font-size\"><a data-type=\"page\" data-id=\"2458\" href=\"https:\/\/saduki.fr\/index.php\/la-boutique-de-felicya\/\">Acheter le jeu<\/a><\/h2>\n\n\n\n<p class=\"has-text-align-center\"><strong><a href=\"https:\/\/saduki.fr\/index.php\/regles-du-feli-fuda\/\">Voir les r\u00e8gles d\u00e9taill\u00e9es<\/a><\/strong><br><strong><a href=\"https:\/\/saduki.fr\/index.php\/regles-simplifiees-feli-fuda\/\">Voir les r\u00e8gles simplifi\u00e9es<\/a><\/strong><br><strong><a href=\"#cartes\">Identifier les cartes<\/a><\/strong><\/p>\n\n\n\n<p class=\"has-text-align-center\" style=\"font-size:18px\"><strong>Feli-Fuda<\/strong> est un jeu de cartes inspir\u00e9 de l&rsquo;univers de la bande dessin\u00e9e <strong>Felicya Saduki<\/strong>.<br> Apr\u00e8s seulement deux ou trois parties, vous serez en mesure de ma\u00eetriser ses m\u00e9canismes<br> et d&rsquo;\u00e9laborer des strat\u00e9gies pour remporter la partie.<\/p>\n\n\n\n<figure class=\"wp-block-image aligncenter size-full is-style-default\"><img decoding=\"async\" width=\"700\" height=\"113\" src=\"https:\/\/saduki.fr\/wp-content\/uploads\/2023\/09\/headerfuda-1.jpg\" alt=\"Cartes du jeu Feli-Fuda\" class=\"wp-image-2091\" srcset=\"https:\/\/saduki.fr\/wp-content\/uploads\/2023\/09\/headerfuda-1.jpg 700w, https:\/\/saduki.fr\/wp-content\/uploads\/2023\/09\/headerfuda-1-230x37.jpg 230w, https:\/\/saduki.fr\/wp-content\/uploads\/2023\/09\/headerfuda-1-30x5.jpg 30w, https:\/\/saduki.fr\/wp-content\/uploads\/2023\/09\/headerfuda-1-150x24.jpg 150w\" sizes=\"(max-width: 700px) 100vw, 700px\" \/><\/figure>\n\n\n\n<p class=\"has-text-align-center\" style=\"font-size:18px\">Contrairement au jeu original \u00ab\u00a0<a href=\"http:\/\/samurai-neko-no-nihongo.eklablog.com\/les-cartes-hanafuda-histoire-et-modes-de-jeux-a207566494\">Hanafuda<\/a>\u00a0\u00bb dont il s&rsquo;inspire, les cartes de <strong>Feli-Fuda<\/strong> comportent,<br> en plus des dessins, les noms et les valeurs des cartes en fran\u00e7ais et en japonais,<br> sous forme de Romaji et de Hiragana.<\/p>\n\n\n\n<p class=\"has-text-align-center\" style=\"font-size:18px\">Le jeu est soigneusement emball\u00e9 dans un Furoshiki, un tissu japonais traditionnel, <br>ajoutant ainsi une touche authentique \u00e0 l&rsquo;ensemble.<\/p>\n\n\n\n<figure class=\"wp-block-image aligncenter is-resized is-style-rounded\"><img decoding=\"async\" width=\"200\" height=\"267\" src=\"https:\/\/saduki.fr\/wp-content\/uploads\/2023\/09\/315926837_5987530531286689_3722875221864437357_n.jpg\" alt=\"\" class=\"wp-image-2120\" style=\"width:139px;height:185px\" srcset=\"https:\/\/saduki.fr\/wp-content\/uploads\/2023\/09\/315926837_5987530531286689_3722875221864437357_n.jpg 200w, https:\/\/saduki.fr\/wp-content\/uploads\/2023\/09\/315926837_5987530531286689_3722875221864437357_n-30x40.jpg 30w, https:\/\/saduki.fr\/wp-content\/uploads\/2023\/09\/315926837_5987530531286689_3722875221864437357_n-112x150.jpg 112w\" sizes=\"(max-width: 200px) 100vw, 200px\" \/><\/figure>\n\n\n\n<p class=\"has-text-align-center\" style=\"font-size:18px\">L&rsquo;objectif principal de <strong>Feli-Fuda<\/strong> est de marquer des points en collectant des combinaisons sp\u00e9cifiques de cartes.<br> L&rsquo;Hanafuda, dans sa version artistique que je vous propose, est un jeu riche en strat\u00e9gie et en tradition.<br> Il existe de nombreuses variantes r\u00e9gionales et locales avec des r\u00e8gles l\u00e9g\u00e8rement diff\u00e9rentes, <br>ce qui ajoute de la diversit\u00e9 et de la profondeur au jeu.<\/p>\n\n\n\n<p class=\"has-text-align-center\" style=\"font-size:18px\"><strong>Feli-Fuda<\/strong> est con\u00e7u pour \u00eatre jou\u00e9 \u00e0 deux joueurs, <br>bien qu&rsquo;il soit \u00e9galement possible de jouer en solo, similaire \u00e0 une partie de r\u00e9ussite.<br> Les <a href=\"https:\/\/saduki.fr\/index.php\/regles-du-feli-fuda\/\">r\u00e8gles<\/a> les plus simples de ce jeu sont celles de \u00ab\u00a0<strong>Koi-Koi<\/strong>\u00ab\u00a0,<br> mais pour les joueurs plus aventureux, sachez qu&rsquo;il existe des variantes. <br><\/p>\n\n\n\n<p class=\"has-text-align-center\"><strong>Identifier les cartes<\/strong> <br>(Cliquez pour agrandir)<\/p>\n\n\n\n<figure class=\"wp-block-image aligncenter size-large is-resized\" id=\"cartes\"><a href=\"https:\/\/saduki.fr\/index.php\/jeu-feli-fuda\/presentation-cartes\/\" target=\"_blank\" rel=\"noreferrer noopener\"><img decoding=\"async\" width=\"968\" height=\"1024\" src=\"https:\/\/saduki.fr\/wp-content\/uploads\/2023\/10\/presentation-cartes-968x1024.jpg\" alt=\"\" class=\"wp-image-2719\" style=\"width:234px;height:248px\" srcset=\"https:\/\/saduki.fr\/wp-content\/uploads\/2023\/10\/presentation-cartes-968x1024.jpg 968w, https:\/\/saduki.fr\/wp-content\/uploads\/2023\/10\/presentation-cartes-142x150.jpg 142w, https:\/\/saduki.fr\/wp-content\/uploads\/2023\/10\/presentation-cartes-768x812.jpg 768w, https:\/\/saduki.fr\/wp-content\/uploads\/2023\/10\/presentation-cartes-1452x1536.jpg 1452w, https:\/\/saduki.fr\/wp-content\/uploads\/2023\/10\/presentation-cartes-1936x2048.jpg 1936w, https:\/\/saduki.fr\/wp-content\/uploads\/2023\/10\/presentation-cartes-800x846.jpg 800w\" sizes=\"(max-width: 968px) 100vw, 968px\" \/><\/a><\/figure>\n<\/div>\n<\/div>\n","protected":false},"excerpt":{"rendered":"<p>Le saviez-vous? L&rsquo;hanafuda est un jeu de cartes traditionnel japonais qui se joue avec un jeu de 48 cartes r\u00e9parties en 12 s\u00e9ries de 4 cartes chacune Acheter le jeu Voir les r\u00e8gles d\u00e9taill\u00e9esVoir les r\u00e8gles simplifi\u00e9esIdentifier les cartes Feli-Fuda est un jeu de cartes inspir\u00e9 de l&rsquo;univers de la bande dessin\u00e9e Felicya Saduki. Apr\u00e8s [&hellip;]<\/p>\n","protected":false},"author":1,"featured_media":0,"parent":0,"menu_order":0,"comment_status":"closed","ping_status":"closed","template":"","meta":{"rop_custom_images_group":[],"rop_custom_messages_group":[],"rop_publish_now":"initial","rop_publish_now_accounts":{"facebook_10225876876252977_177035715498174":""},"rop_publish_now_history":[],"rop_publish_now_status":"pending","site-sidebar-layout":"default","site-content-layout":"","ast-site-content-layout":"default","site-content-style":"default","site-sidebar-style":"default","ast-global-header-display":"","ast-banner-title-visibility":"","ast-main-header-display":"","ast-hfb-above-header-display":"","ast-hfb-below-header-display":"","ast-hfb-mobile-header-display":"","site-post-title":"","ast-breadcrumbs-content":"","ast-featured-img":"","footer-sml-layout":"","ast-disable-related-posts":"","theme-transparent-header-meta":"","adv-header-id-meta":"","stick-header-meta":"","header-above-stick-meta":"","header-main-stick-meta":"","header-below-stick-meta":"","astra-migrate-meta-layouts":"default","ast-page-background-enabled":"default","ast-page-background-meta":{"desktop":{"background-color":"var(--ast-global-color-4)","background-image":"","background-repeat":"repeat","background-position":"center center","background-size":"auto","background-attachment":"scroll","background-type":"","background-media":"","overlay-type":"","overlay-color":"","overlay-opacity":"","overlay-gradient":""},"tablet":{"background-color":"","background-image":"","background-repeat":"repeat","background-position":"center center","background-size":"auto","background-attachment":"scroll","background-type":"","background-media":"","overlay-type":"","overlay-color":"","overlay-opacity":"","overlay-gradient":""},"mobile":{"background-color":"","background-image":"","background-repeat":"repeat","background-position":"center center","background-size":"auto","background-attachment":"scroll","background-type":"","background-media":"","overlay-type":"","overlay-color":"","overlay-opacity":"","overlay-gradient":""}},"ast-content-background-meta":{"desktop":{"background-color":"var(--ast-global-color-5)","background-image":"","background-repeat":"repeat","background-position":"center center","background-size":"auto","background-attachment":"scroll","background-type":"","background-media":"","overlay-type":"","overlay-color":"","overlay-opacity":"","overlay-gradient":""},"tablet":{"background-color":"var(--ast-global-color-5)","background-image":"","background-repeat":"repeat","background-position":"center center","background-size":"auto","background-attachment":"scroll","background-type":"","background-media":"","overlay-type":"","overlay-color":"","overlay-opacity":"","overlay-gradient":""},"mobile":{"background-color":"var(--ast-global-color-5)","background-image":"","background-repeat":"repeat","background-position":"center center","background-size":"auto","background-attachment":"scroll","background-type":"","background-media":"","overlay-type":"","overlay-color":"","overlay-opacity":"","overlay-gradient":""}},"footnotes":""},"class_list":["post-2064","page","type-page","status-publish","hentry"],"yoast_head":"<!-- This site is optimized with the Yoast SEO plugin v27.3 - https:\/\/yoast.com\/product\/yoast-seo-wordpress\/ -->\n<title>Jeu Feli-Fuda - Services 3D et Arts num\u00e9riques %<\/title>\n<meta name=\"description\" content=\"Je vous propose mes services de conception 3D incluant: Scan, mod\u00e9lisation et impression dans divers mat\u00e9riaux.Pour tous vos projets techniques, artistiques, de loisirs, objets personnalis\u00e9s...(prototypage, reproduction, r\u00e9paration, cr\u00e9ation,etc)Les possibilit\u00e9s sont infinies!Je propose \u00e9galement un service de graphisme et de g\u00e9n\u00e9ration IA.\" \/>\n<meta name=\"robots\" content=\"index, follow, max-snippet:-1, max-image-preview:large, max-video-preview:-1\" \/>\n<link rel=\"canonical\" href=\"https:\/\/saduki.fr\/index.php\/jeu-feli-fuda\/\" \/>\n<meta property=\"og:locale\" content=\"fr_FR\" \/>\n<meta property=\"og:type\" content=\"article\" \/>\n<meta property=\"og:title\" content=\"Jeu Feli-Fuda - Services 3D et Arts num\u00e9riques %\" \/>\n<meta property=\"og:description\" content=\"Je vous propose mes services de conception 3D incluant: Scan, mod\u00e9lisation et impression dans divers mat\u00e9riaux.Pour tous vos projets techniques, artistiques, de loisirs, objets personnalis\u00e9s...(prototypage, reproduction, r\u00e9paration, cr\u00e9ation,etc)Les possibilit\u00e9s sont infinies!Je propose \u00e9galement un service de graphisme et de g\u00e9n\u00e9ration IA.\" \/>\n<meta property=\"og:url\" content=\"https:\/\/saduki.fr\/index.php\/jeu-feli-fuda\/\" \/>\n<meta property=\"og:site_name\" content=\"Services 3D et Arts num\u00e9riques\" \/>\n<meta property=\"article:publisher\" content=\"https:\/\/www.facebook.com\/ateliersaduki\" \/>\n<meta property=\"article:modified_time\" content=\"2023-12-20T13:38:23+00:00\" \/>\n<meta property=\"og:image\" content=\"https:\/\/saduki.fr\/wp-content\/uploads\/2023\/12\/bandeau9-1024x151.png\" \/>\n<meta name=\"twitter:card\" content=\"summary_large_image\" \/>\n<meta name=\"twitter:label1\" content=\"Dur\u00e9e de lecture estim\u00e9e\" \/>\n\t<meta name=\"twitter:data1\" content=\"3 minutes\" \/>\n<script type=\"application\/ld+json\" class=\"yoast-schema-graph\">{\"@context\":\"https:\\\/\\\/schema.org\",\"@graph\":[{\"@type\":\"WebPage\",\"@id\":\"https:\\\/\\\/saduki.fr\\\/index.php\\\/jeu-feli-fuda\\\/\",\"url\":\"https:\\\/\\\/saduki.fr\\\/index.php\\\/jeu-feli-fuda\\\/\",\"name\":\"Jeu Feli-Fuda - Services 3D et Arts num\u00e9riques %\",\"isPartOf\":{\"@id\":\"https:\\\/\\\/saduki.fr\\\/#website\"},\"primaryImageOfPage\":{\"@id\":\"https:\\\/\\\/saduki.fr\\\/index.php\\\/jeu-feli-fuda\\\/#primaryimage\"},\"image\":{\"@id\":\"https:\\\/\\\/saduki.fr\\\/index.php\\\/jeu-feli-fuda\\\/#primaryimage\"},\"thumbnailUrl\":\"https:\\\/\\\/saduki.fr\\\/wp-content\\\/uploads\\\/2023\\\/12\\\/bandeau9-1024x151.png\",\"datePublished\":\"2023-09-09T12:32:16+00:00\",\"dateModified\":\"2023-12-20T13:38:23+00:00\",\"description\":\"Je vous propose mes services de conception 3D incluant: Scan, mod\u00e9lisation et impression dans divers mat\u00e9riaux.Pour tous vos projets techniques, artistiques, de loisirs, objets personnalis\u00e9s...(prototypage, reproduction, r\u00e9paration, cr\u00e9ation,etc)Les possibilit\u00e9s sont infinies!Je propose \u00e9galement un service de graphisme et de g\u00e9n\u00e9ration IA.\",\"breadcrumb\":{\"@id\":\"https:\\\/\\\/saduki.fr\\\/index.php\\\/jeu-feli-fuda\\\/#breadcrumb\"},\"inLanguage\":\"fr-FR\",\"potentialAction\":[{\"@type\":\"ReadAction\",\"target\":[\"https:\\\/\\\/saduki.fr\\\/index.php\\\/jeu-feli-fuda\\\/\"]}]},{\"@type\":\"ImageObject\",\"inLanguage\":\"fr-FR\",\"@id\":\"https:\\\/\\\/saduki.fr\\\/index.php\\\/jeu-feli-fuda\\\/#primaryimage\",\"url\":\"https:\\\/\\\/saduki.fr\\\/wp-content\\\/uploads\\\/2023\\\/12\\\/bandeau9.png\",\"contentUrl\":\"https:\\\/\\\/saduki.fr\\\/wp-content\\\/uploads\\\/2023\\\/12\\\/bandeau9.png\",\"width\":1559,\"height\":230},{\"@type\":\"BreadcrumbList\",\"@id\":\"https:\\\/\\\/saduki.fr\\\/index.php\\\/jeu-feli-fuda\\\/#breadcrumb\",\"itemListElement\":[{\"@type\":\"ListItem\",\"position\":1,\"name\":\"Accueil\",\"item\":\"https:\\\/\\\/saduki.fr\\\/\"},{\"@type\":\"ListItem\",\"position\":2,\"name\":\"Jeu Feli-Fuda\"}]},{\"@type\":\"WebSite\",\"@id\":\"https:\\\/\\\/saduki.fr\\\/#website\",\"url\":\"https:\\\/\\\/saduki.fr\\\/\",\"name\":\"Atelier Saduki\",\"description\":\"Services 3D, graphismes, g\u00e9n\u00e9ration IA, BD\",\"publisher\":{\"@id\":\"https:\\\/\\\/saduki.fr\\\/#organization\"},\"potentialAction\":[{\"@type\":\"SearchAction\",\"target\":{\"@type\":\"EntryPoint\",\"urlTemplate\":\"https:\\\/\\\/saduki.fr\\\/?s={search_term_string}\"},\"query-input\":{\"@type\":\"PropertyValueSpecification\",\"valueRequired\":true,\"valueName\":\"search_term_string\"}}],\"inLanguage\":\"fr-FR\"},{\"@type\":\"Organization\",\"@id\":\"https:\\\/\\\/saduki.fr\\\/#organization\",\"name\":\"Atelier Saduki\",\"url\":\"https:\\\/\\\/saduki.fr\\\/\",\"logo\":{\"@type\":\"ImageObject\",\"inLanguage\":\"fr-FR\",\"@id\":\"https:\\\/\\\/saduki.fr\\\/#\\\/schema\\\/logo\\\/image\\\/\",\"url\":\"https:\\\/\\\/saduki.fr\\\/wp-content\\\/uploads\\\/2023\\\/12\\\/bandeau-atelier.png\",\"contentUrl\":\"https:\\\/\\\/saduki.fr\\\/wp-content\\\/uploads\\\/2023\\\/12\\\/bandeau-atelier.png\",\"width\":1559,\"height\":230,\"caption\":\"Atelier Saduki\"},\"image\":{\"@id\":\"https:\\\/\\\/saduki.fr\\\/#\\\/schema\\\/logo\\\/image\\\/\"},\"sameAs\":[\"https:\\\/\\\/www.facebook.com\\\/ateliersaduki\"]}]}<\/script>\n<!-- \/ Yoast SEO plugin. -->","yoast_head_json":{"title":"Jeu Feli-Fuda - Services 3D et Arts num\u00e9riques %","description":"Je vous propose mes services de conception 3D incluant: Scan, mod\u00e9lisation et impression dans divers mat\u00e9riaux.Pour tous vos projets techniques, artistiques, de loisirs, objets personnalis\u00e9s...(prototypage, reproduction, r\u00e9paration, cr\u00e9ation,etc)Les possibilit\u00e9s sont infinies!Je propose \u00e9galement un service de graphisme et de g\u00e9n\u00e9ration IA.","robots":{"index":"index","follow":"follow","max-snippet":"max-snippet:-1","max-image-preview":"max-image-preview:large","max-video-preview":"max-video-preview:-1"},"canonical":"https:\/\/saduki.fr\/index.php\/jeu-feli-fuda\/","og_locale":"fr_FR","og_type":"article","og_title":"Jeu Feli-Fuda - Services 3D et Arts num\u00e9riques %","og_description":"Je vous propose mes services de conception 3D incluant: Scan, mod\u00e9lisation et impression dans divers mat\u00e9riaux.Pour tous vos projets techniques, artistiques, de loisirs, objets personnalis\u00e9s...(prototypage, reproduction, r\u00e9paration, cr\u00e9ation,etc)Les possibilit\u00e9s sont infinies!Je propose \u00e9galement un service de graphisme et de g\u00e9n\u00e9ration IA.","og_url":"https:\/\/saduki.fr\/index.php\/jeu-feli-fuda\/","og_site_name":"Services 3D et Arts num\u00e9riques","article_publisher":"https:\/\/www.facebook.com\/ateliersaduki","article_modified_time":"2023-12-20T13:38:23+00:00","og_image":[{"url":"https:\/\/saduki.fr\/wp-content\/uploads\/2023\/12\/bandeau9-1024x151.png","type":"","width":"","height":""}],"twitter_card":"summary_large_image","twitter_misc":{"Dur\u00e9e de lecture estim\u00e9e":"3 minutes"},"schema":{"@context":"https:\/\/schema.org","@graph":[{"@type":"WebPage","@id":"https:\/\/saduki.fr\/index.php\/jeu-feli-fuda\/","url":"https:\/\/saduki.fr\/index.php\/jeu-feli-fuda\/","name":"Jeu Feli-Fuda - Services 3D et Arts num\u00e9riques %","isPartOf":{"@id":"https:\/\/saduki.fr\/#website"},"primaryImageOfPage":{"@id":"https:\/\/saduki.fr\/index.php\/jeu-feli-fuda\/#primaryimage"},"image":{"@id":"https:\/\/saduki.fr\/index.php\/jeu-feli-fuda\/#primaryimage"},"thumbnailUrl":"https:\/\/saduki.fr\/wp-content\/uploads\/2023\/12\/bandeau9-1024x151.png","datePublished":"2023-09-09T12:32:16+00:00","dateModified":"2023-12-20T13:38:23+00:00","description":"Je vous propose mes services de conception 3D incluant: Scan, mod\u00e9lisation et impression dans divers mat\u00e9riaux.Pour tous vos projets techniques, artistiques, de loisirs, objets personnalis\u00e9s...(prototypage, reproduction, r\u00e9paration, cr\u00e9ation,etc)Les possibilit\u00e9s sont infinies!Je propose \u00e9galement un service de graphisme et de g\u00e9n\u00e9ration IA.","breadcrumb":{"@id":"https:\/\/saduki.fr\/index.php\/jeu-feli-fuda\/#breadcrumb"},"inLanguage":"fr-FR","potentialAction":[{"@type":"ReadAction","target":["https:\/\/saduki.fr\/index.php\/jeu-feli-fuda\/"]}]},{"@type":"ImageObject","inLanguage":"fr-FR","@id":"https:\/\/saduki.fr\/index.php\/jeu-feli-fuda\/#primaryimage","url":"https:\/\/saduki.fr\/wp-content\/uploads\/2023\/12\/bandeau9.png","contentUrl":"https:\/\/saduki.fr\/wp-content\/uploads\/2023\/12\/bandeau9.png","width":1559,"height":230},{"@type":"BreadcrumbList","@id":"https:\/\/saduki.fr\/index.php\/jeu-feli-fuda\/#breadcrumb","itemListElement":[{"@type":"ListItem","position":1,"name":"Accueil","item":"https:\/\/saduki.fr\/"},{"@type":"ListItem","position":2,"name":"Jeu Feli-Fuda"}]},{"@type":"WebSite","@id":"https:\/\/saduki.fr\/#website","url":"https:\/\/saduki.fr\/","name":"Atelier Saduki","description":"Services 3D, graphismes, g\u00e9n\u00e9ration IA, BD","publisher":{"@id":"https:\/\/saduki.fr\/#organization"},"potentialAction":[{"@type":"SearchAction","target":{"@type":"EntryPoint","urlTemplate":"https:\/\/saduki.fr\/?s={search_term_string}"},"query-input":{"@type":"PropertyValueSpecification","valueRequired":true,"valueName":"search_term_string"}}],"inLanguage":"fr-FR"},{"@type":"Organization","@id":"https:\/\/saduki.fr\/#organization","name":"Atelier Saduki","url":"https:\/\/saduki.fr\/","logo":{"@type":"ImageObject","inLanguage":"fr-FR","@id":"https:\/\/saduki.fr\/#\/schema\/logo\/image\/","url":"https:\/\/saduki.fr\/wp-content\/uploads\/2023\/12\/bandeau-atelier.png","contentUrl":"https:\/\/saduki.fr\/wp-content\/uploads\/2023\/12\/bandeau-atelier.png","width":1559,"height":230,"caption":"Atelier Saduki"},"image":{"@id":"https:\/\/saduki.fr\/#\/schema\/logo\/image\/"},"sameAs":["https:\/\/www.facebook.com\/ateliersaduki"]}]}},"_links":{"self":[{"href":"https:\/\/saduki.fr\/index.php\/wp-json\/wp\/v2\/pages\/2064","targetHints":{"allow":["GET"]}}],"collection":[{"href":"https:\/\/saduki.fr\/index.php\/wp-json\/wp\/v2\/pages"}],"about":[{"href":"https:\/\/saduki.fr\/index.php\/wp-json\/wp\/v2\/types\/page"}],"author":[{"embeddable":true,"href":"https:\/\/saduki.fr\/index.php\/wp-json\/wp\/v2\/users\/1"}],"replies":[{"embeddable":true,"href":"https:\/\/saduki.fr\/index.php\/wp-json\/wp\/v2\/comments?post=2064"}],"version-history":[{"count":42,"href":"https:\/\/saduki.fr\/index.php\/wp-json\/wp\/v2\/pages\/2064\/revisions"}],"predecessor-version":[{"id":3698,"href":"https:\/\/saduki.fr\/index.php\/wp-json\/wp\/v2\/pages\/2064\/revisions\/3698"}],"wp:attachment":[{"href":"https:\/\/saduki.fr\/index.php\/wp-json\/wp\/v2\/media?parent=2064"}],"curies":[{"name":"wp","href":"https:\/\/api.w.org\/{rel}","templated":true}]}}