{"id":195,"date":"2023-07-13T19:00:19","date_gmt":"2023-07-13T17:00:19","guid":{"rendered":"http:\/\/saduki.fr\/index.php\/mon-compte\/"},"modified":"2023-07-13T19:00:19","modified_gmt":"2023-07-13T17:00:19","slug":"mon-compte","status":"publish","type":"page","link":"https:\/\/saduki.fr\/index.php\/mon-compte\/","title":{"rendered":"Mon compte"},"content":{"rendered":"<p>[woocommerce_my_account]<\/p>\n","protected":false},"excerpt":{"rendered":"","protected":false},"author":1,"featured_media":0,"parent":0,"menu_order":0,"comment_status":"closed","ping_status":"closed","template":"","meta":{"rop_custom_images_group":[],"rop_custom_messages_group":[],"rop_publish_now":"initial","rop_publish_now_accounts":{"facebook_10225876876252977_177035715498174":""},"rop_publish_now_history":[],"rop_publish_now_status":"pending","site-sidebar-layout":"default","site-content-layout":"","ast-site-content-layout":"default","site-content-style":"default","site-sidebar-style":"default","ast-global-header-display":"","ast-banner-title-visibility":"","ast-main-header-display":"","ast-hfb-above-header-display":"","ast-hfb-below-header-display":"","ast-hfb-mobile-header-display":"","site-post-title":"","ast-breadcrumbs-content":"","ast-featured-img":"","footer-sml-layout":"","ast-disable-related-posts":"","theme-transparent-header-meta":"","adv-header-id-meta":"","stick-header-meta":"","header-above-stick-meta":"","header-main-stick-meta":"","header-below-stick-meta":"","astra-migrate-meta-layouts":"default","ast-page-background-enabled":"default","ast-page-background-meta":{"desktop":{"background-color":"var(--ast-global-color-4)","background-image":"","background-repeat":"repeat","background-position":"center center","background-size":"auto","background-attachment":"scroll","background-type":"","background-media":"","overlay-type":"","overlay-color":"","overlay-opacity":"","overlay-gradient":""},"tablet":{"background-color":"","background-image":"","background-repeat":"repeat","background-position":"center center","background-size":"auto","background-attachment":"scroll","background-type":"","background-media":"","overlay-type":"","overlay-color":"","overlay-opacity":"","overlay-gradient":""},"mobile":{"background-color":"","background-image":"","background-repeat":"repeat","background-position":"center center","background-size":"auto","background-attachment":"scroll","background-type":"","background-media":"","overlay-type":"","overlay-color":"","overlay-opacity":"","overlay-gradient":""}},"ast-content-background-meta":{"desktop":{"background-color":"var(--ast-global-color-5)","background-image":"","background-repeat":"repeat","background-position":"center center","background-size":"auto","background-attachment":"scroll","background-type":"","background-media":"","overlay-type":"","overlay-color":"","overlay-opacity":"","overlay-gradient":""},"tablet":{"background-color":"var(--ast-global-color-5)","background-image":"","background-repeat":"repeat","background-position":"center center","background-size":"auto","background-attachment":"scroll","background-type":"","background-media":"","overlay-type":"","overlay-color":"","overlay-opacity":"","overlay-gradient":""},"mobile":{"background-color":"var(--ast-global-color-5)","background-image":"","background-repeat":"repeat","background-position":"center center","background-size":"auto","background-attachment":"scroll","background-type":"","background-media":"","overlay-type":"","overlay-color":"","overlay-opacity":"","overlay-gradient":""}},"footnotes":""},"class_list":["post-195","page","type-page","status-publish","hentry"],"yoast_head":"<!-- This site is optimized with the Yoast SEO plugin v27.5 - https:\/\/yoast.com\/product\/yoast-seo-wordpress\/ -->\n<title>Mon compte - Services 3D et Arts num\u00e9riques %<\/title>\n<meta name=\"description\" content=\"Je vous propose mes services de conception 3D incluant: Scan, mod\u00e9lisation et impression dans divers mat\u00e9riaux.Pour tous vos projets techniques, artistiques, de loisirs, objets personnalis\u00e9s...(prototypage, reproduction, r\u00e9paration, cr\u00e9ation,etc)Les possibilit\u00e9s sont infinies!Je propose \u00e9galement un service de graphisme et de g\u00e9n\u00e9ration IA.\" \/>\n<meta name=\"robots\" content=\"index, follow, max-snippet:-1, max-image-preview:large, max-video-preview:-1\" \/>\n<link rel=\"canonical\" href=\"https:\/\/saduki.fr\/index.php\/mon-compte\/\" \/>\n<meta property=\"og:locale\" content=\"fr_FR\" \/>\n<meta property=\"og:type\" content=\"article\" \/>\n<meta property=\"og:title\" content=\"Mon compte - Services 3D et Arts num\u00e9riques %\" \/>\n<meta property=\"og:description\" content=\"Je vous propose mes services de conception 3D incluant: Scan, mod\u00e9lisation et impression dans divers mat\u00e9riaux.Pour tous vos projets techniques, artistiques, de loisirs, objets personnalis\u00e9s...(prototypage, reproduction, r\u00e9paration, cr\u00e9ation,etc)Les possibilit\u00e9s sont infinies!Je propose \u00e9galement un service de graphisme et de g\u00e9n\u00e9ration IA.\" \/>\n<meta property=\"og:url\" content=\"https:\/\/saduki.fr\/index.php\/mon-compte\/\" \/>\n<meta property=\"og:site_name\" content=\"Services 3D et Arts num\u00e9riques\" \/>\n<meta property=\"article:publisher\" content=\"https:\/\/www.facebook.com\/ateliersaduki\" \/>\n<meta property=\"og:image\" content=\"https:\/\/saduki.fr\/wp-content\/uploads\/2023\/12\/bandeau-atelier.png\" \/>\n\t<meta property=\"og:image:width\" content=\"1559\" \/>\n\t<meta property=\"og:image:height\" content=\"230\" \/>\n\t<meta property=\"og:image:type\" content=\"image\/png\" \/>\n<meta name=\"twitter:card\" content=\"summary_large_image\" \/>\n<script type=\"application\/ld+json\" class=\"yoast-schema-graph\">{\"@context\":\"https:\\\/\\\/schema.org\",\"@graph\":[{\"@type\":\"WebPage\",\"@id\":\"https:\\\/\\\/saduki.fr\\\/index.php\\\/mon-compte\\\/\",\"url\":\"https:\\\/\\\/saduki.fr\\\/index.php\\\/mon-compte\\\/\",\"name\":\"Mon compte - Services 3D et Arts num\u00e9riques %\",\"isPartOf\":{\"@id\":\"https:\\\/\\\/saduki.fr\\\/#website\"},\"datePublished\":\"2023-07-13T17:00:19+00:00\",\"description\":\"Je vous propose mes services de conception 3D incluant: Scan, mod\u00e9lisation et impression dans divers mat\u00e9riaux.Pour tous vos projets techniques, artistiques, de loisirs, objets personnalis\u00e9s...(prototypage, reproduction, r\u00e9paration, cr\u00e9ation,etc)Les possibilit\u00e9s sont infinies!Je propose \u00e9galement un service de graphisme et de g\u00e9n\u00e9ration IA.\",\"breadcrumb\":{\"@id\":\"https:\\\/\\\/saduki.fr\\\/index.php\\\/mon-compte\\\/#breadcrumb\"},\"inLanguage\":\"fr-FR\",\"potentialAction\":[{\"@type\":\"ReadAction\",\"target\":[\"https:\\\/\\\/saduki.fr\\\/index.php\\\/mon-compte\\\/\"]}]},{\"@type\":\"BreadcrumbList\",\"@id\":\"https:\\\/\\\/saduki.fr\\\/index.php\\\/mon-compte\\\/#breadcrumb\",\"itemListElement\":[{\"@type\":\"ListItem\",\"position\":1,\"name\":\"Accueil\",\"item\":\"https:\\\/\\\/saduki.fr\\\/\"},{\"@type\":\"ListItem\",\"position\":2,\"name\":\"Mon compte\"}]},{\"@type\":\"WebSite\",\"@id\":\"https:\\\/\\\/saduki.fr\\\/#website\",\"url\":\"https:\\\/\\\/saduki.fr\\\/\",\"name\":\"Atelier Saduki\",\"description\":\"Services 3D, graphismes, g\u00e9n\u00e9ration IA, BD\",\"publisher\":{\"@id\":\"https:\\\/\\\/saduki.fr\\\/#organization\"},\"potentialAction\":[{\"@type\":\"SearchAction\",\"target\":{\"@type\":\"EntryPoint\",\"urlTemplate\":\"https:\\\/\\\/saduki.fr\\\/?s={search_term_string}\"},\"query-input\":{\"@type\":\"PropertyValueSpecification\",\"valueRequired\":true,\"valueName\":\"search_term_string\"}}],\"inLanguage\":\"fr-FR\"},{\"@type\":\"Organization\",\"@id\":\"https:\\\/\\\/saduki.fr\\\/#organization\",\"name\":\"Atelier Saduki\",\"url\":\"https:\\\/\\\/saduki.fr\\\/\",\"logo\":{\"@type\":\"ImageObject\",\"inLanguage\":\"fr-FR\",\"@id\":\"https:\\\/\\\/saduki.fr\\\/#\\\/schema\\\/logo\\\/image\\\/\",\"url\":\"https:\\\/\\\/saduki.fr\\\/wp-content\\\/uploads\\\/2023\\\/12\\\/bandeau-atelier.png\",\"contentUrl\":\"https:\\\/\\\/saduki.fr\\\/wp-content\\\/uploads\\\/2023\\\/12\\\/bandeau-atelier.png\",\"width\":1559,\"height\":230,\"caption\":\"Atelier Saduki\"},\"image\":{\"@id\":\"https:\\\/\\\/saduki.fr\\\/#\\\/schema\\\/logo\\\/image\\\/\"},\"sameAs\":[\"https:\\\/\\\/www.facebook.com\\\/ateliersaduki\"]}]}<\/script>\n<!-- \/ Yoast SEO plugin. -->","yoast_head_json":{"title":"Mon compte - Services 3D et Arts num\u00e9riques %","description":"Je vous propose mes services de conception 3D incluant: Scan, mod\u00e9lisation et impression dans divers mat\u00e9riaux.Pour tous vos projets techniques, artistiques, de loisirs, objets personnalis\u00e9s...(prototypage, reproduction, r\u00e9paration, cr\u00e9ation,etc)Les possibilit\u00e9s sont infinies!Je propose \u00e9galement un service de graphisme et de g\u00e9n\u00e9ration IA.","robots":{"index":"index","follow":"follow","max-snippet":"max-snippet:-1","max-image-preview":"max-image-preview:large","max-video-preview":"max-video-preview:-1"},"canonical":"https:\/\/saduki.fr\/index.php\/mon-compte\/","og_locale":"fr_FR","og_type":"article","og_title":"Mon compte - Services 3D et Arts num\u00e9riques %","og_description":"Je vous propose mes services de conception 3D incluant: Scan, mod\u00e9lisation et impression dans divers mat\u00e9riaux.Pour tous vos projets techniques, artistiques, de loisirs, objets personnalis\u00e9s...(prototypage, reproduction, r\u00e9paration, cr\u00e9ation,etc)Les possibilit\u00e9s sont infinies!Je propose \u00e9galement un service de graphisme et de g\u00e9n\u00e9ration IA.","og_url":"https:\/\/saduki.fr\/index.php\/mon-compte\/","og_site_name":"Services 3D et Arts num\u00e9riques","article_publisher":"https:\/\/www.facebook.com\/ateliersaduki","og_image":[{"width":1559,"height":230,"url":"https:\/\/saduki.fr\/wp-content\/uploads\/2023\/12\/bandeau-atelier.png","type":"image\/png"}],"twitter_card":"summary_large_image","schema":{"@context":"https:\/\/schema.org","@graph":[{"@type":"WebPage","@id":"https:\/\/saduki.fr\/index.php\/mon-compte\/","url":"https:\/\/saduki.fr\/index.php\/mon-compte\/","name":"Mon compte - Services 3D et Arts num\u00e9riques %","isPartOf":{"@id":"https:\/\/saduki.fr\/#website"},"datePublished":"2023-07-13T17:00:19+00:00","description":"Je vous propose mes services de conception 3D incluant: Scan, mod\u00e9lisation et impression dans divers mat\u00e9riaux.Pour tous vos projets techniques, artistiques, de loisirs, objets personnalis\u00e9s...(prototypage, reproduction, r\u00e9paration, cr\u00e9ation,etc)Les possibilit\u00e9s sont infinies!Je propose \u00e9galement un service de graphisme et de g\u00e9n\u00e9ration IA.","breadcrumb":{"@id":"https:\/\/saduki.fr\/index.php\/mon-compte\/#breadcrumb"},"inLanguage":"fr-FR","potentialAction":[{"@type":"ReadAction","target":["https:\/\/saduki.fr\/index.php\/mon-compte\/"]}]},{"@type":"BreadcrumbList","@id":"https:\/\/saduki.fr\/index.php\/mon-compte\/#breadcrumb","itemListElement":[{"@type":"ListItem","position":1,"name":"Accueil","item":"https:\/\/saduki.fr\/"},{"@type":"ListItem","position":2,"name":"Mon compte"}]},{"@type":"WebSite","@id":"https:\/\/saduki.fr\/#website","url":"https:\/\/saduki.fr\/","name":"Atelier Saduki","description":"Services 3D, graphismes, g\u00e9n\u00e9ration IA, BD","publisher":{"@id":"https:\/\/saduki.fr\/#organization"},"potentialAction":[{"@type":"SearchAction","target":{"@type":"EntryPoint","urlTemplate":"https:\/\/saduki.fr\/?s={search_term_string}"},"query-input":{"@type":"PropertyValueSpecification","valueRequired":true,"valueName":"search_term_string"}}],"inLanguage":"fr-FR"},{"@type":"Organization","@id":"https:\/\/saduki.fr\/#organization","name":"Atelier Saduki","url":"https:\/\/saduki.fr\/","logo":{"@type":"ImageObject","inLanguage":"fr-FR","@id":"https:\/\/saduki.fr\/#\/schema\/logo\/image\/","url":"https:\/\/saduki.fr\/wp-content\/uploads\/2023\/12\/bandeau-atelier.png","contentUrl":"https:\/\/saduki.fr\/wp-content\/uploads\/2023\/12\/bandeau-atelier.png","width":1559,"height":230,"caption":"Atelier Saduki"},"image":{"@id":"https:\/\/saduki.fr\/#\/schema\/logo\/image\/"},"sameAs":["https:\/\/www.facebook.com\/ateliersaduki"]}]}},"_links":{"self":[{"href":"https:\/\/saduki.fr\/index.php\/wp-json\/wp\/v2\/pages\/195","targetHints":{"allow":["GET"]}}],"collection":[{"href":"https:\/\/saduki.fr\/index.php\/wp-json\/wp\/v2\/pages"}],"about":[{"href":"https:\/\/saduki.fr\/index.php\/wp-json\/wp\/v2\/types\/page"}],"author":[{"embeddable":true,"href":"https:\/\/saduki.fr\/index.php\/wp-json\/wp\/v2\/users\/1"}],"replies":[{"embeddable":true,"href":"https:\/\/saduki.fr\/index.php\/wp-json\/wp\/v2\/comments?post=195"}],"version-history":[{"count":1,"href":"https:\/\/saduki.fr\/index.php\/wp-json\/wp\/v2\/pages\/195\/revisions"}],"predecessor-version":[{"id":2432,"href":"https:\/\/saduki.fr\/index.php\/wp-json\/wp\/v2\/pages\/195\/revisions\/2432"}],"wp:attachment":[{"href":"https:\/\/saduki.fr\/index.php\/wp-json\/wp\/v2\/media?parent=195"}],"curies":[{"name":"wp","href":"https:\/\/api.w.org\/{rel}","templated":true}]}}